{"id":9,"date":"2021-03-18T05:44:13","date_gmt":"2021-03-18T05:44:13","guid":{"rendered":"https:\/\/hnwoodmachine.com\/?page_id=9"},"modified":"2024-04-23T10:15:35","modified_gmt":"2024-04-23T02:15:35","slug":"about","status":"publish","type":"page","link":"https:\/\/hnwoodmachine.com\/vi\/about\/","title":{"rendered":"V\u1ec1"},"content":{"rendered":"<div data-elementor-type=\"wp-page\" data-elementor-id=\"9\" class=\"elementor elementor-9\" data-elementor-post-type=\"page\"> \t\t\t\t<div class=\"elementor-element elementor-element-c4cd758 e-con-full e-flex e-con e-parent\" data-id=\"c4cd758\" data-element_type=\"container\" data-e-type=\"container\" data-settings=\"{&quot;background_background&quot;:&quot;classic&quot;}\"> \t\t\t\t<\/div> \t\t<div class=\"elementor-element elementor-element-d7abce6 e-con-full e-flex e-con e-parent\" data-id=\"d7abce6\" data-element_type=\"container\" data-e-type=\"container\"> \t\t\t\t<div class=\"elementor-element elementor-element-0057b8f elementor-position-top elementor-widget elementor-widget-image-box\" data-id=\"0057b8f\" data-element_type=\"widget\" data-e-type=\"widget\" data-widget_type=\"image-box.default\"> \t\t\t\t\t<div class=\"elementor-image-box-wrapper\"><figure class=\"elementor-image-box-img\"><img decoding=\"async\" width=\"70\" height=\"71\" src=\"https:\/\/hnwoodmachine.com\/wp-content\/uploads\/2021\/03\/icon-1-1.png\" class=\"attachment-full size-full wp-image-128\" alt=\"\" title=\"\"><\/figure><div class=\"elementor-image-box-content\"><h3 class=\"elementor-image-box-title\">t\u00f9y bi\u1ebfn<\/h3><p class=\"elementor-image-box-description\">T\u00f9y ch\u1ec9nh gi\u1ea3i ph\u00e1p theo nhu c\u1ea7u c\u1ee7a b\u1ea1n<\/p><\/div><\/div>\t\t\t\t<\/div> \t\t\t\t<div class=\"elementor-element elementor-element-6a2e3b6 elementor-position-top elementor-widget elementor-widget-image-box\" data-id=\"6a2e3b6\" data-element_type=\"widget\" data-e-type=\"widget\" data-widget_type=\"image-box.default\"> \t\t\t\t\t<div class=\"elementor-image-box-wrapper\"><figure class=\"elementor-image-box-img\"><img decoding=\"async\" width=\"70\" height=\"67\" src=\"https:\/\/hnwoodmachine.com\/wp-content\/uploads\/2021\/03\/icon3.png\" class=\"attachment-full size-full wp-image-129\" alt=\"\" title=\"\"><\/figure><div class=\"elementor-image-box-content\"><h3 class=\"elementor-image-box-title\"> h\u1ed7 tr\u1ee3 k\u1ef9 thu\u1eadt<\/h3><p class=\"elementor-image-box-description\">Cung c\u1ea5p h\u1ed7 tr\u1ee3 m\u1ecdi l\u00fac, m\u1ecdi n\u01a1i.<\/p><\/div><\/div>\t\t\t\t<\/div> \t\t\t\t<div class=\"elementor-element elementor-element-c2ee7cc elementor-position-top elementor-widget elementor-widget-image-box\" data-id=\"c2ee7cc\" data-element_type=\"widget\" data-e-type=\"widget\" data-widget_type=\"image-box.default\"> \t\t\t\t\t<div class=\"elementor-image-box-wrapper\"><figure class=\"elementor-image-box-img\"><img decoding=\"async\" width=\"70\" height=\"69\" src=\"https:\/\/hnwoodmachine.com\/wp-content\/uploads\/2021\/03\/icon2.png\" class=\"attachment-full size-full wp-image-130\" alt=\"\" title=\"\"><\/figure><div class=\"elementor-image-box-content\"><h3 class=\"elementor-image-box-title\">Thi\u1ebft k\u1ebf khoa h\u1ecdc<\/h3><p class=\"elementor-image-box-description\">Ch\u1ea5t l\u01b0\u1ee3ng cao, hi\u1ec7u qu\u1ea3 cao<\/p><\/div><\/div>\t\t\t\t<\/div> \t\t\t\t<div class=\"elementor-element elementor-element-1edfe76 elementor-position-top elementor-widget elementor-widget-image-box\" data-id=\"1edfe76\" data-element_type=\"widget\" data-e-type=\"widget\" data-widget_type=\"image-box.default\"> \t\t\t\t\t<div class=\"elementor-image-box-wrapper\"><figure class=\"elementor-image-box-img\"><img loading=\"lazy\" decoding=\"async\" width=\"72\" height=\"73\" src=\"https:\/\/hnwoodmachine.com\/wp-content\/uploads\/2021\/03\/icon4.png\" class=\"attachment-full size-full wp-image-131\" alt=\"\" title=\"\"><\/figure><div class=\"elementor-image-box-content\"><h3 class=\"elementor-image-box-title\">b\u1ea3o h\u00e0nh tr\u1ecdn \u0111\u1eddi<\/h3><p class=\"elementor-image-box-description\">Ch\u00fang t\u00f4i tu\u00e2n th\u1ee7 d\u1ecbch v\u1ee5 \u0111\u1ea7u ti\u00ean,<br> kh\u00f4ng l\u00e0m kinh doanh m\u1ed9t l\u1ea7n.<\/p><\/div><\/div>\t\t\t\t<\/div> \t\t\t\t<\/div> \t\t<div class=\"elementor-element elementor-element-69f2d41 e-con-full e-flex e-con e-parent\" data-id=\"69f2d41\" data-element_type=\"container\" data-e-type=\"container\" data-settings=\"{&quot;background_background&quot;:&quot;none&quot;}\"> \t\t<div class=\"elementor-element elementor-element-5a3871b e-con-full e-flex e-con e-child\" data-id=\"5a3871b\" data-element_type=\"container\" data-e-type=\"container\" data-settings=\"{&quot;background_background&quot;:&quot;classic&quot;}\"> \t\t\t\t<div class=\"elementor-element elementor-element-09393e7 elementor-widget elementor-widget-heading\" data-id=\"09393e7\" data-element_type=\"widget\" data-e-type=\"widget\" data-widget_type=\"heading.default\"> \t\t\t\t\t<h2 class=\"elementor-heading-title elementor-size-large\">Gi\u1edbi thi\u1ec7u c\u00f4ng ty<\/h2>\t\t\t\t<\/div> \t\t\t\t<div class=\"elementor-element elementor-element-cedf3b3 elementor-widget-divider--view-line elementor-widget elementor-widget-divider\" data-id=\"cedf3b3\" data-element_type=\"widget\" data-e-type=\"widget\" data-widget_type=\"divider.default\"> \t\t\t\t\t\t\t<div class=\"elementor-divider\"> \t\t\t<span class=\"elementor-divider-separator\"> \t\t\t\t\t\t<\/span> \t\t<\/div> \t\t\t\t\t\t<\/div> \t\t\t\t<div class=\"elementor-element elementor-element-448f3d0 elementor-widget elementor-widget-text-editor\" data-id=\"448f3d0\" data-element_type=\"widget\" data-e-type=\"widget\" data-widget_type=\"text-editor.default\"> \t\t\t\t\t\t\t\t\t<p>M\u00e1y m\u00f3c g\u1ed7 H\u00e0 Nam l\u00e0 nh\u00e0 s\u1ea3n xu\u1ea5t v\u00e0 cung c\u1ea5p m\u00e1y m\u00f3c c\u1ea5p cao nh\u1ea5t c\u00f3 l\u1ecbch s\u1eed h\u00e0ng th\u1eadp k\u1ef7. \u0110\u00e2y l\u00e0 m\u1ed9t c\u00f4ng ty s\u00e1ng t\u1ea1o t\u00edch h\u1ee3p thi\u1ebft k\u1ebf, R&amp;D, s\u1ea3n xu\u1ea5t, b\u00e1n h\u00e0ng v\u00e0 d\u1ecbch v\u1ee5 v\u1edbi m\u1ed9t chu\u1ed7i c\u00f4ng nghi\u1ec7p ho\u00e0n ch\u1ec9nh. Trong l\u0129nh v\u1ef1c m\u00e1y nghi\u1ec1n, ch\u00fang t\u00f4i \u0111\u00e3 l\u00e0m ch\u1ee7 \u0111\u01b0\u1ee3c c\u00f4ng ngh\u1ec7 ti\u00ean ti\u1ebfn v\u00e0 kinh nghi\u1ec7m phong ph\u00fa. V\u1edbi nh\u1eefng \u01b0u \u0111i\u1ec3m v\u1ec1 c\u00f4ng ngh\u1ec7 v\u00e0 ch\u1ea5t l\u01b0\u1ee3ng s\u1ea3n ph\u1ea9m cao, m\u00e1y ch\u1ebf bi\u1ebfn g\u1ed7 c\u1ee7a ch\u00fang t\u00f4i \u0111\u00e3 nh\u1eadn \u0111\u01b0\u1ee3c nhi\u1ec1u l\u1eddi khen ng\u1ee3i t\u1eeb ng\u01b0\u1eddi ti\u00eau d\u00f9ng.<\/p>\t\t\t\t\t\t\t\t<\/div> \t\t\t\t<\/div> \t\t<div class=\"elementor-element elementor-element-2b3f634 e-con-full e-flex e-con e-child\" data-id=\"2b3f634\" data-element_type=\"container\" data-e-type=\"container\" data-settings=\"{&quot;background_background&quot;:&quot;classic&quot;}\"> \t\t\t\t<div class=\"elementor-element elementor-element-0c0419d elementor-widget elementor-widget-spacer\" data-id=\"0c0419d\" data-element_type=\"widget\" data-e-type=\"widget\" data-widget_type=\"spacer.default\"> \t\t\t\t\t\t\t<div class=\"elementor-spacer\"> \t\t\t<div class=\"elementor-spacer-inner\"><\/div> \t\t<\/div> \t\t\t\t\t\t<\/div> \t\t\t\t<\/div> \t\t\t\t<\/div> \t\t<div class=\"elementor-element elementor-element-ea33937 e-con-full e-flex e-con e-parent\" data-id=\"ea33937\" data-element_type=\"container\" data-e-type=\"container\" data-settings=\"{&quot;background_background&quot;:&quot;classic&quot;}\"> \t\t<div class=\"elementor-element elementor-element-e621ac0 e-con-full e-flex e-con e-child\" data-id=\"e621ac0\" data-element_type=\"container\" data-e-type=\"container\" data-settings=\"{&quot;background_background&quot;:&quot;classic&quot;}\"> \t\t\t\t<div class=\"elementor-element elementor-element-bdb4c16 elementor-widget elementor-widget-spacer\" data-id=\"bdb4c16\" data-element_type=\"widget\" data-e-type=\"widget\" data-widget_type=\"spacer.default\"> \t\t\t\t\t\t\t<div class=\"elementor-spacer\"> \t\t\t<div class=\"elementor-spacer-inner\"><\/div> \t\t<\/div> \t\t\t\t\t\t<\/div> \t\t\t\t<\/div> \t\t<div class=\"elementor-element elementor-element-0e86d4a e-con-full e-flex e-con e-child\" data-id=\"0e86d4a\" data-element_type=\"container\" data-e-type=\"container\" data-settings=\"{&quot;background_background&quot;:&quot;classic&quot;}\"> \t\t\t\t<div class=\"elementor-element elementor-element-aaf62e3 elementor-widget elementor-widget-heading\" data-id=\"aaf62e3\" data-element_type=\"widget\" data-e-type=\"widget\" data-widget_type=\"heading.default\"> \t\t\t\t\t<h2 class=\"elementor-heading-title elementor-size-large\">D\u1ecbch v\u1ee5 t\u1ed1i quan tr\u1ecdng <\/h2>\t\t\t\t<\/div> \t\t\t\t<div class=\"elementor-element elementor-element-4c5839d elementor-widget-divider--view-line elementor-widget elementor-widget-divider\" data-id=\"4c5839d\" data-element_type=\"widget\" data-e-type=\"widget\" data-widget_type=\"divider.default\"> \t\t\t\t\t\t\t<div class=\"elementor-divider\"> \t\t\t<span class=\"elementor-divider-separator\"> \t\t\t\t\t\t<\/span> \t\t<\/div> \t\t\t\t\t\t<\/div> \t\t\t\t<div class=\"elementor-element elementor-element-4a5bb95 elementor-widget elementor-widget-text-editor\" data-id=\"4a5bb95\" data-element_type=\"widget\" data-e-type=\"widget\" data-widget_type=\"text-editor.default\"> \t\t\t\t\t\t\t\t\t<p>Ngo\u00e0i ra, c\u00f4ng ty kh\u00f4ng ch\u1ec9 cung c\u1ea5p cho kh\u00e1ch h\u00e0ng nh\u1eefng s\u1ea3n ph\u1ea9m ch\u1ea5t l\u01b0\u1ee3ng cao m\u00e0 c\u00f2n cung c\u1ea5p d\u1ecbch v\u1ee5 h\u1ea1ng nh\u1ea5t c\u0169ng nh\u01b0 c\u00e1c gi\u1ea3i ph\u00e1p v\u00e0 h\u1ed7 tr\u1ee3 hi\u1ec7u qu\u1ea3. V\u1edbi nhi\u1ec1u n\u0103m kinh nghi\u1ec7m s\u1ea3n xu\u1ea5t v\u00e0 kinh doanh trong ng\u00e0nh m\u00e1y m\u00f3c, ch\u00fang t\u00f4i \u0111\u00e3 t\u1ea1o \u0111\u01b0\u1ee3c danh ti\u1ebfng t\u1ed1t v\u1edbi quan ni\u1ec7m d\u1ecbch v\u1ee5 \u201cCh\u1ea5t l\u01b0\u1ee3ng l\u00e0 tr\u00ean h\u1ebft, D\u1ecbch v\u1ee5 t\u1ed1i cao\u201d v\u00e0 c\u00e1c s\u1ea3n ph\u1ea9m ch\u1ea5t l\u01b0\u1ee3ng cao. N\u00f3 l\u00e0 m\u1ed9t th\u01b0\u01a1ng hi\u1ec7u \u0111\u01b0\u1ee3c c\u00f4ng nh\u1eadn trong ng\u00e0nh c\u00f4ng nghi\u1ec7p m\u00e1y m\u00f3c v\u00e0 do \u0111\u00f3 \u0111\u00e3 \u0111\u01b0\u1ee3c trao danh hi\u1ec7u \u201cDoanh nghi\u1ec7p t\u00f4n tr\u1ecdng h\u1ee3p \u0111\u1ed3ng v\u00e0 \u0111\u00e1ng tin c\u1eady v\u1ec1 t\u00edn d\u1ee5ng\u201d v\u00e0 \u201cDoanh nghi\u1ec7p ti\u00ean ti\u1ebfn s\u1ea3n xu\u1ea5t an to\u00e0n\u201d.<\/p>\t\t\t\t\t\t\t\t<\/div> \t\t\t\t<\/div> \t\t\t\t<\/div> \t\t\t\t<\/div>","protected":false},"excerpt":{"rendered":"<p>customization Customize the solution to your needs technical support Provide support anytime, anywhere. Scientific design High quality, high efficiency lifetime warranty We adhere to the service first, do not do one-shot business. Company introduction Henan wood machinery is a top-level machinery manufacturer and machinery supplier who has a history of decades. It is an innovative [&hellip;]<\/p>\n","protected":false},"author":1,"featured_media":0,"parent":0,"menu_order":0,"comment_status":"closed","ping_status":"closed","template":"","meta":{"_kad_blocks_custom_css":"","_kad_blocks_head_custom_js":"","_kad_blocks_body_custom_js":"","_kad_blocks_footer_custom_js":"","footnotes":""},"class_list":["post-9","page","type-page","status-publish","hentry"],"taxonomy_info":[],"featured_image_src_large":false,"author_info":{"display_name":"HN-WOOD","author_link":"https:\/\/hnwoodmachine.com\/vi\/author\/woodmachine\/"},"comment_info":0,"_links":{"self":[{"href":"https:\/\/hnwoodmachine.com\/vi\/wp-json\/wp\/v2\/pages\/9","targetHints":{"allow":["GET"]}}],"collection":[{"href":"https:\/\/hnwoodmachine.com\/vi\/wp-json\/wp\/v2\/pages"}],"about":[{"href":"https:\/\/hnwoodmachine.com\/vi\/wp-json\/wp\/v2\/types\/page"}],"author":[{"embeddable":true,"href":"https:\/\/hnwoodmachine.com\/vi\/wp-json\/wp\/v2\/users\/1"}],"replies":[{"embeddable":true,"href":"https:\/\/hnwoodmachine.com\/vi\/wp-json\/wp\/v2\/comments?post=9"}],"version-history":[{"count":0,"href":"https:\/\/hnwoodmachine.com\/vi\/wp-json\/wp\/v2\/pages\/9\/revisions"}],"wp:attachment":[{"href":"https:\/\/hnwoodmachine.com\/vi\/wp-json\/wp\/v2\/media?parent=9"}],"curies":[{"name":"wp","href":"https:\/\/api.w.org\/{rel}","templated":true}]}}