{"id":9,"date":"2021-03-18T05:44:13","date_gmt":"2021-03-18T05:44:13","guid":{"rendered":"https:\/\/hnwoodmachine.com\/?page_id=9"},"modified":"2024-04-23T10:15:35","modified_gmt":"2024-04-23T02:15:35","slug":"about","status":"publish","type":"page","link":"https:\/\/hnwoodmachine.com\/tr\/about\/","title":{"rendered":"Hakk\u0131nda"},"content":{"rendered":"<div data-elementor-type=\"wp-page\" data-elementor-id=\"9\" class=\"elementor elementor-9\" data-elementor-post-type=\"page\"> \t\t\t\t<div class=\"elementor-element elementor-element-c4cd758 e-con-full e-flex e-con e-parent\" data-id=\"c4cd758\" data-element_type=\"container\" data-e-type=\"container\" data-settings=\"{&quot;background_background&quot;:&quot;classic&quot;}\"> \t\t\t\t<\/div> \t\t<div class=\"elementor-element elementor-element-d7abce6 e-con-full e-flex e-con e-parent\" data-id=\"d7abce6\" data-element_type=\"container\" data-e-type=\"container\"> \t\t\t\t<div class=\"elementor-element elementor-element-0057b8f elementor-position-top elementor-widget elementor-widget-image-box\" data-id=\"0057b8f\" data-element_type=\"widget\" data-e-type=\"widget\" data-widget_type=\"image-box.default\"> \t\t\t\t\t<div class=\"elementor-image-box-wrapper\"><figure class=\"elementor-image-box-img\"><img decoding=\"async\" width=\"70\" height=\"71\" src=\"https:\/\/hnwoodmachine.com\/wp-content\/uploads\/2021\/03\/icon-1-1.png\" class=\"attachment-full size-full wp-image-128\" alt=\"\" title=\"\"><\/figure><div class=\"elementor-image-box-content\"><h3 class=\"elementor-image-box-title\">\u00f6zelle\u015ftirme<\/h3><p class=\"elementor-image-box-description\">\u00c7\u00f6z\u00fcm\u00fc ihtiya\u00e7lar\u0131n\u0131za g\u00f6re \u00f6zelle\u015ftirin<\/p><\/div><\/div>\t\t\t\t<\/div> \t\t\t\t<div class=\"elementor-element elementor-element-6a2e3b6 elementor-position-top elementor-widget elementor-widget-image-box\" data-id=\"6a2e3b6\" data-element_type=\"widget\" data-e-type=\"widget\" data-widget_type=\"image-box.default\"> \t\t\t\t\t<div class=\"elementor-image-box-wrapper\"><figure class=\"elementor-image-box-img\"><img decoding=\"async\" width=\"70\" height=\"67\" src=\"https:\/\/hnwoodmachine.com\/wp-content\/uploads\/2021\/03\/icon3.png\" class=\"attachment-full size-full wp-image-129\" alt=\"\" title=\"\"><\/figure><div class=\"elementor-image-box-content\"><h3 class=\"elementor-image-box-title\"> teknik destek<\/h3><p class=\"elementor-image-box-description\">Her zaman, her yerde destek sa\u011flay\u0131n.<\/p><\/div><\/div>\t\t\t\t<\/div> \t\t\t\t<div class=\"elementor-element elementor-element-c2ee7cc elementor-position-top elementor-widget elementor-widget-image-box\" data-id=\"c2ee7cc\" data-element_type=\"widget\" data-e-type=\"widget\" data-widget_type=\"image-box.default\"> \t\t\t\t\t<div class=\"elementor-image-box-wrapper\"><figure class=\"elementor-image-box-img\"><img decoding=\"async\" width=\"70\" height=\"69\" src=\"https:\/\/hnwoodmachine.com\/wp-content\/uploads\/2021\/03\/icon2.png\" class=\"attachment-full size-full wp-image-130\" alt=\"\" title=\"\"><\/figure><div class=\"elementor-image-box-content\"><h3 class=\"elementor-image-box-title\">Bilimsel tasar\u0131m<\/h3><p class=\"elementor-image-box-description\">Y\u00fcksek kalite, y\u00fcksek verimlilik<\/p><\/div><\/div>\t\t\t\t<\/div> \t\t\t\t<div class=\"elementor-element elementor-element-1edfe76 elementor-position-top elementor-widget elementor-widget-image-box\" data-id=\"1edfe76\" data-element_type=\"widget\" data-e-type=\"widget\" data-widget_type=\"image-box.default\"> \t\t\t\t\t<div class=\"elementor-image-box-wrapper\"><figure class=\"elementor-image-box-img\"><img loading=\"lazy\" decoding=\"async\" width=\"72\" height=\"73\" src=\"https:\/\/hnwoodmachine.com\/wp-content\/uploads\/2021\/03\/icon4.png\" class=\"attachment-full size-full wp-image-131\" alt=\"\" title=\"\"><\/figure><div class=\"elementor-image-box-content\"><h3 class=\"elementor-image-box-title\">\u00f6m\u00fcr boyu garanti<\/h3><p class=\"elementor-image-box-description\">\u00d6nce hizmete ba\u011fl\u0131y\u0131z,<br> tek seferlik i\u015f yapmay\u0131n.<\/p><\/div><\/div>\t\t\t\t<\/div> \t\t\t\t<\/div> \t\t<div class=\"elementor-element elementor-element-69f2d41 e-con-full e-flex e-con e-parent\" data-id=\"69f2d41\" data-element_type=\"container\" data-e-type=\"container\" data-settings=\"{&quot;background_background&quot;:&quot;none&quot;}\"> \t\t<div class=\"elementor-element elementor-element-5a3871b e-con-full e-flex e-con e-child\" data-id=\"5a3871b\" data-element_type=\"container\" data-e-type=\"container\" data-settings=\"{&quot;background_background&quot;:&quot;classic&quot;}\"> \t\t\t\t<div class=\"elementor-element elementor-element-09393e7 elementor-widget elementor-widget-heading\" data-id=\"09393e7\" data-element_type=\"widget\" data-e-type=\"widget\" data-widget_type=\"heading.default\"> \t\t\t\t\t<h2 class=\"elementor-heading-title elementor-size-large\">\u015eirket tan\u0131t\u0131m\u0131<\/h2>\t\t\t\t<\/div> \t\t\t\t<div class=\"elementor-element elementor-element-cedf3b3 elementor-widget-divider--view-line elementor-widget elementor-widget-divider\" data-id=\"cedf3b3\" data-element_type=\"widget\" data-e-type=\"widget\" data-widget_type=\"divider.default\"> \t\t\t\t\t\t\t<div class=\"elementor-divider\"> \t\t\t<span class=\"elementor-divider-separator\"> \t\t\t\t\t\t<\/span> \t\t<\/div> \t\t\t\t\t\t<\/div> \t\t\t\t<div class=\"elementor-element elementor-element-448f3d0 elementor-widget elementor-widget-text-editor\" data-id=\"448f3d0\" data-element_type=\"widget\" data-e-type=\"widget\" data-widget_type=\"text-editor.default\"> \t\t\t\t\t\t\t\t\t<p>Henan ah\u015fap makineleri, onlarca y\u0131ll\u0131k bir ge\u00e7mi\u015fe sahip \u00fcst d\u00fczey bir makine \u00fcreticisi ve makine tedarik\u00e7isidir. Tasar\u0131m, Ar-Ge, \u00fcretim, sat\u0131\u015f ve hizmeti eksiksiz bir end\u00fcstriyel zincirle birle\u015ftiren yenilik\u00e7i bir \u015firkettir. K\u0131r\u0131c\u0131lar alan\u0131nda ileri teknolojiye ve zengin deneyime hakim olduk. Teknolojinin avantajlar\u0131 ve y\u00fcksek \u00fcr\u00fcn kalitesi ile ah\u015fap i\u015fleme makinemiz t\u00fcketicilerden oybirli\u011fiyle \u00f6vg\u00fc kazand\u0131.<\/p>\t\t\t\t\t\t\t\t<\/div> \t\t\t\t<\/div> \t\t<div class=\"elementor-element elementor-element-2b3f634 e-con-full e-flex e-con e-child\" data-id=\"2b3f634\" data-element_type=\"container\" data-e-type=\"container\" data-settings=\"{&quot;background_background&quot;:&quot;classic&quot;}\"> \t\t\t\t<div class=\"elementor-element elementor-element-0c0419d elementor-widget elementor-widget-spacer\" data-id=\"0c0419d\" data-element_type=\"widget\" data-e-type=\"widget\" data-widget_type=\"spacer.default\"> \t\t\t\t\t\t\t<div class=\"elementor-spacer\"> \t\t\t<div class=\"elementor-spacer-inner\"><\/div> \t\t<\/div> \t\t\t\t\t\t<\/div> \t\t\t\t<\/div> \t\t\t\t<\/div> \t\t<div class=\"elementor-element elementor-element-ea33937 e-con-full e-flex e-con e-parent\" data-id=\"ea33937\" data-element_type=\"container\" data-e-type=\"container\" data-settings=\"{&quot;background_background&quot;:&quot;classic&quot;}\"> \t\t<div class=\"elementor-element elementor-element-e621ac0 e-con-full e-flex e-con e-child\" data-id=\"e621ac0\" data-element_type=\"container\" data-e-type=\"container\" data-settings=\"{&quot;background_background&quot;:&quot;classic&quot;}\"> \t\t\t\t<div class=\"elementor-element elementor-element-bdb4c16 elementor-widget elementor-widget-spacer\" data-id=\"bdb4c16\" data-element_type=\"widget\" data-e-type=\"widget\" data-widget_type=\"spacer.default\"> \t\t\t\t\t\t\t<div class=\"elementor-spacer\"> \t\t\t<div class=\"elementor-spacer-inner\"><\/div> \t\t<\/div> \t\t\t\t\t\t<\/div> \t\t\t\t<\/div> \t\t<div class=\"elementor-element elementor-element-0e86d4a e-con-full e-flex e-con e-child\" data-id=\"0e86d4a\" data-element_type=\"container\" data-e-type=\"container\" data-settings=\"{&quot;background_background&quot;:&quot;classic&quot;}\"> \t\t\t\t<div class=\"elementor-element elementor-element-aaf62e3 elementor-widget elementor-widget-heading\" data-id=\"aaf62e3\" data-element_type=\"widget\" data-e-type=\"widget\" data-widget_type=\"heading.default\"> \t\t\t\t\t<h2 class=\"elementor-heading-title elementor-size-large\">Hizmet \u00e7ok \u00f6nemli <\/h2>\t\t\t\t<\/div> \t\t\t\t<div class=\"elementor-element elementor-element-4c5839d elementor-widget-divider--view-line elementor-widget elementor-widget-divider\" data-id=\"4c5839d\" data-element_type=\"widget\" data-e-type=\"widget\" data-widget_type=\"divider.default\"> \t\t\t\t\t\t\t<div class=\"elementor-divider\"> \t\t\t<span class=\"elementor-divider-separator\"> \t\t\t\t\t\t<\/span> \t\t<\/div> \t\t\t\t\t\t<\/div> \t\t\t\t<div class=\"elementor-element elementor-element-4a5bb95 elementor-widget elementor-widget-text-editor\" data-id=\"4a5bb95\" data-element_type=\"widget\" data-e-type=\"widget\" data-widget_type=\"text-editor.default\"> \t\t\t\t\t\t\t\t\t<p>Ayr\u0131ca \u015firket, m\u00fc\u015fterilerine yaln\u0131zca y\u00fcksek kaliteli \u00fcr\u00fcnler sunmakla kalm\u0131yor, ayn\u0131 zamanda birinci s\u0131n\u0131f hizmet, etkili destek ve \u00e7\u00f6z\u00fcmler de sunuyor. Makine sekt\u00f6r\u00fcnde uzun y\u0131llara dayanan \u00fcretim ve sat\u0131\u015f deneyimimizle, \"\u00d6nce Kalite, \u00dcst\u00fcn Hizmet\" hizmet anlay\u0131\u015f\u0131 ve y\u00fcksek kaliteli \u00fcr\u00fcnlerle iyi bir itibar kazand\u0131k. Makine sekt\u00f6r\u00fcnde tan\u0131nan bir markad\u0131r ve bu nedenle \u201cS\u00f6zle\u015fmeye Uygun ve Krediye Uygun \u0130\u015fletme\u201d ve \u201cG\u00fcvenli \u00dcretim Geli\u015fmi\u015f \u0130\u015fletme\u201d unvan\u0131na lay\u0131k g\u00f6r\u00fclm\u00fc\u015ft\u00fcr.<\/p>\t\t\t\t\t\t\t\t<\/div> \t\t\t\t<\/div> \t\t\t\t<\/div> \t\t\t\t<\/div>","protected":false},"excerpt":{"rendered":"<p>customization Customize the solution to your needs technical support Provide support anytime, anywhere. Scientific design High quality, high efficiency lifetime warranty We adhere to the service first, do not do one-shot business. Company introduction Henan wood machinery is a top-level machinery manufacturer and machinery supplier who has a history of decades. It is an innovative [&hellip;]<\/p>\n","protected":false},"author":1,"featured_media":0,"parent":0,"menu_order":0,"comment_status":"closed","ping_status":"closed","template":"","meta":{"_kad_blocks_custom_css":"","_kad_blocks_head_custom_js":"","_kad_blocks_body_custom_js":"","_kad_blocks_footer_custom_js":"","footnotes":""},"class_list":["post-9","page","type-page","status-publish","hentry"],"taxonomy_info":[],"featured_image_src_large":false,"author_info":{"display_name":"HN-WOOD","author_link":"https:\/\/hnwoodmachine.com\/tr\/author\/woodmachine\/"},"comment_info":0,"_links":{"self":[{"href":"https:\/\/hnwoodmachine.com\/tr\/wp-json\/wp\/v2\/pages\/9","targetHints":{"allow":["GET"]}}],"collection":[{"href":"https:\/\/hnwoodmachine.com\/tr\/wp-json\/wp\/v2\/pages"}],"about":[{"href":"https:\/\/hnwoodmachine.com\/tr\/wp-json\/wp\/v2\/types\/page"}],"author":[{"embeddable":true,"href":"https:\/\/hnwoodmachine.com\/tr\/wp-json\/wp\/v2\/users\/1"}],"replies":[{"embeddable":true,"href":"https:\/\/hnwoodmachine.com\/tr\/wp-json\/wp\/v2\/comments?post=9"}],"version-history":[{"count":0,"href":"https:\/\/hnwoodmachine.com\/tr\/wp-json\/wp\/v2\/pages\/9\/revisions"}],"wp:attachment":[{"href":"https:\/\/hnwoodmachine.com\/tr\/wp-json\/wp\/v2\/media?parent=9"}],"curies":[{"name":"wp","href":"https:\/\/api.w.org\/{rel}","templated":true}]}}