{"id":9,"date":"2021-03-18T05:44:13","date_gmt":"2021-03-18T05:44:13","guid":{"rendered":"https:\/\/hnwoodmachine.com\/?page_id=9"},"modified":"2024-04-23T10:15:35","modified_gmt":"2024-04-23T02:15:35","slug":"about","status":"publish","type":"page","link":"https:\/\/hnwoodmachine.com\/pt\/about\/","title":{"rendered":"Sobre"},"content":{"rendered":"<div data-elementor-type=\"wp-page\" data-elementor-id=\"9\" class=\"elementor elementor-9\" data-elementor-post-type=\"page\"> \t\t\t\t<div class=\"elementor-element elementor-element-c4cd758 e-con-full e-flex e-con e-parent\" data-id=\"c4cd758\" data-element_type=\"container\" data-e-type=\"container\" data-settings=\"{&quot;background_background&quot;:&quot;classic&quot;}\"> \t\t\t\t<\/div> \t\t<div class=\"elementor-element elementor-element-d7abce6 e-con-full e-flex e-con e-parent\" data-id=\"d7abce6\" data-element_type=\"container\" data-e-type=\"container\"> \t\t\t\t<div class=\"elementor-element elementor-element-0057b8f elementor-position-top elementor-widget elementor-widget-image-box\" data-id=\"0057b8f\" data-element_type=\"widget\" data-e-type=\"widget\" data-widget_type=\"image-box.default\"> \t\t\t\t\t<div class=\"elementor-image-box-wrapper\"><figure class=\"elementor-image-box-img\"><img decoding=\"async\" width=\"70\" height=\"71\" src=\"https:\/\/hnwoodmachine.com\/wp-content\/uploads\/2021\/03\/icon-1-1.png\" class=\"attachment-full size-full wp-image-128\" alt=\"\" title=\"\"><\/figure><div class=\"elementor-image-box-content\"><h3 class=\"elementor-image-box-title\">costumiza\u00e7\u00e3o<\/h3><p class=\"elementor-image-box-description\">Personalize a solu\u00e7\u00e3o de acordo com suas necessidades<\/p><\/div><\/div>\t\t\t\t<\/div> \t\t\t\t<div class=\"elementor-element elementor-element-6a2e3b6 elementor-position-top elementor-widget elementor-widget-image-box\" data-id=\"6a2e3b6\" data-element_type=\"widget\" data-e-type=\"widget\" data-widget_type=\"image-box.default\"> \t\t\t\t\t<div class=\"elementor-image-box-wrapper\"><figure class=\"elementor-image-box-img\"><img decoding=\"async\" width=\"70\" height=\"67\" src=\"https:\/\/hnwoodmachine.com\/wp-content\/uploads\/2021\/03\/icon3.png\" class=\"attachment-full size-full wp-image-129\" alt=\"\" title=\"\"><\/figure><div class=\"elementor-image-box-content\"><h3 class=\"elementor-image-box-title\"> suporte t\u00e9cnico<\/h3><p class=\"elementor-image-box-description\">Forne\u00e7a suporte a qualquer hora e em qualquer lugar.<\/p><\/div><\/div>\t\t\t\t<\/div> \t\t\t\t<div class=\"elementor-element elementor-element-c2ee7cc elementor-position-top elementor-widget elementor-widget-image-box\" data-id=\"c2ee7cc\" data-element_type=\"widget\" data-e-type=\"widget\" data-widget_type=\"image-box.default\"> \t\t\t\t\t<div class=\"elementor-image-box-wrapper\"><figure class=\"elementor-image-box-img\"><img decoding=\"async\" width=\"70\" height=\"69\" src=\"https:\/\/hnwoodmachine.com\/wp-content\/uploads\/2021\/03\/icon2.png\" class=\"attachment-full size-full wp-image-130\" alt=\"\" title=\"\"><\/figure><div class=\"elementor-image-box-content\"><h3 class=\"elementor-image-box-title\">Projeto cient\u00edfico<\/h3><p class=\"elementor-image-box-description\">Alta qualidade, alta efici\u00eancia<\/p><\/div><\/div>\t\t\t\t<\/div> \t\t\t\t<div class=\"elementor-element elementor-element-1edfe76 elementor-position-top elementor-widget elementor-widget-image-box\" data-id=\"1edfe76\" data-element_type=\"widget\" data-e-type=\"widget\" data-widget_type=\"image-box.default\"> \t\t\t\t\t<div class=\"elementor-image-box-wrapper\"><figure class=\"elementor-image-box-img\"><img loading=\"lazy\" decoding=\"async\" width=\"72\" height=\"73\" src=\"https:\/\/hnwoodmachine.com\/wp-content\/uploads\/2021\/03\/icon4.png\" class=\"attachment-full size-full wp-image-131\" alt=\"\" title=\"\"><\/figure><div class=\"elementor-image-box-content\"><h3 class=\"elementor-image-box-title\">garantia de vida<\/h3><p class=\"elementor-image-box-description\">N\u00f3s aderimos ao servi\u00e7o primeiro,<br> n\u00e3o fa\u00e7a neg\u00f3cios de uma s\u00f3 vez.<\/p><\/div><\/div>\t\t\t\t<\/div> \t\t\t\t<\/div> \t\t<div class=\"elementor-element elementor-element-69f2d41 e-con-full e-flex e-con e-parent\" data-id=\"69f2d41\" data-element_type=\"container\" data-e-type=\"container\" data-settings=\"{&quot;background_background&quot;:&quot;none&quot;}\"> \t\t<div class=\"elementor-element elementor-element-5a3871b e-con-full e-flex e-con e-child\" data-id=\"5a3871b\" data-element_type=\"container\" data-e-type=\"container\" data-settings=\"{&quot;background_background&quot;:&quot;classic&quot;}\"> \t\t\t\t<div class=\"elementor-element elementor-element-09393e7 elementor-widget elementor-widget-heading\" data-id=\"09393e7\" data-element_type=\"widget\" data-e-type=\"widget\" data-widget_type=\"heading.default\"> \t\t\t\t\t<h2 class=\"elementor-heading-title elementor-size-large\">Introdu\u00e7\u00e3o da companhia<\/h2>\t\t\t\t<\/div> \t\t\t\t<div class=\"elementor-element elementor-element-cedf3b3 elementor-widget-divider--view-line elementor-widget elementor-widget-divider\" data-id=\"cedf3b3\" data-element_type=\"widget\" data-e-type=\"widget\" data-widget_type=\"divider.default\"> \t\t\t\t\t\t\t<div class=\"elementor-divider\"> \t\t\t<span class=\"elementor-divider-separator\"> \t\t\t\t\t\t<\/span> \t\t<\/div> \t\t\t\t\t\t<\/div> \t\t\t\t<div class=\"elementor-element elementor-element-448f3d0 elementor-widget elementor-widget-text-editor\" data-id=\"448f3d0\" data-element_type=\"widget\" data-e-type=\"widget\" data-widget_type=\"text-editor.default\"> \t\t\t\t\t\t\t\t\t<p>A maquinaria para madeira Henan \u00e9 um fabricante e fornecedor de m\u00e1quinas de alto n\u00edvel com uma hist\u00f3ria de d\u00e9cadas. \u00c9 uma empresa inovadora que integra design, P&amp;D, produ\u00e7\u00e3o, vendas e servi\u00e7os com uma cadeia industrial completa. Na \u00e1rea de britadores, dominamos tecnologia avan\u00e7ada e rica experi\u00eancia. Com as vantagens da tecnologia e produtos de alta qualidade, nossa m\u00e1quina de processamento de madeira ganhou elogios un\u00e2nimes dos consumidores.<\/p>\t\t\t\t\t\t\t\t<\/div> \t\t\t\t<\/div> \t\t<div class=\"elementor-element elementor-element-2b3f634 e-con-full e-flex e-con e-child\" data-id=\"2b3f634\" data-element_type=\"container\" data-e-type=\"container\" data-settings=\"{&quot;background_background&quot;:&quot;classic&quot;}\"> \t\t\t\t<div class=\"elementor-element elementor-element-0c0419d elementor-widget elementor-widget-spacer\" data-id=\"0c0419d\" data-element_type=\"widget\" data-e-type=\"widget\" data-widget_type=\"spacer.default\"> \t\t\t\t\t\t\t<div class=\"elementor-spacer\"> \t\t\t<div class=\"elementor-spacer-inner\"><\/div> \t\t<\/div> \t\t\t\t\t\t<\/div> \t\t\t\t<\/div> \t\t\t\t<\/div> \t\t<div class=\"elementor-element elementor-element-ea33937 e-con-full e-flex e-con e-parent\" data-id=\"ea33937\" data-element_type=\"container\" data-e-type=\"container\" data-settings=\"{&quot;background_background&quot;:&quot;classic&quot;}\"> \t\t<div class=\"elementor-element elementor-element-e621ac0 e-con-full e-flex e-con e-child\" data-id=\"e621ac0\" data-element_type=\"container\" data-e-type=\"container\" data-settings=\"{&quot;background_background&quot;:&quot;classic&quot;}\"> \t\t\t\t<div class=\"elementor-element elementor-element-bdb4c16 elementor-widget elementor-widget-spacer\" data-id=\"bdb4c16\" data-element_type=\"widget\" data-e-type=\"widget\" data-widget_type=\"spacer.default\"> \t\t\t\t\t\t\t<div class=\"elementor-spacer\"> \t\t\t<div class=\"elementor-spacer-inner\"><\/div> \t\t<\/div> \t\t\t\t\t\t<\/div> \t\t\t\t<\/div> \t\t<div class=\"elementor-element elementor-element-0e86d4a e-con-full e-flex e-con e-child\" data-id=\"0e86d4a\" data-element_type=\"container\" data-e-type=\"container\" data-settings=\"{&quot;background_background&quot;:&quot;classic&quot;}\"> \t\t\t\t<div class=\"elementor-element elementor-element-aaf62e3 elementor-widget elementor-widget-heading\" data-id=\"aaf62e3\" data-element_type=\"widget\" data-e-type=\"widget\" data-widget_type=\"heading.default\"> \t\t\t\t\t<h2 class=\"elementor-heading-title elementor-size-large\">Servi\u00e7o primordial <\/h2>\t\t\t\t<\/div> \t\t\t\t<div class=\"elementor-element elementor-element-4c5839d elementor-widget-divider--view-line elementor-widget elementor-widget-divider\" data-id=\"4c5839d\" data-element_type=\"widget\" data-e-type=\"widget\" data-widget_type=\"divider.default\"> \t\t\t\t\t\t\t<div class=\"elementor-divider\"> \t\t\t<span class=\"elementor-divider-separator\"> \t\t\t\t\t\t<\/span> \t\t<\/div> \t\t\t\t\t\t<\/div> \t\t\t\t<div class=\"elementor-element elementor-element-4a5bb95 elementor-widget elementor-widget-text-editor\" data-id=\"4a5bb95\" data-element_type=\"widget\" data-e-type=\"widget\" data-widget_type=\"text-editor.default\"> \t\t\t\t\t\t\t\t\t<p>Al\u00e9m disso, a empresa n\u00e3o apenas fornece aos clientes produtos de alta qualidade, mas tamb\u00e9m oferece servi\u00e7os de primeira classe e suporte e solu\u00e7\u00f5es eficazes. Com muitos anos de experi\u00eancia em fabrica\u00e7\u00e3o e vendas na ind\u00fastria de m\u00e1quinas, conquistamos uma boa reputa\u00e7\u00e3o com o conceito de servi\u00e7o de \u201cQualidade em Primeiro Lugar, Servi\u00e7o Supremo\u201d e produtos de alta qualidade. \u00c9 uma marca reconhecida na ind\u00fastria de m\u00e1quinas e, portanto, recebeu o t\u00edtulo de \u201cEmpresa que honra contratos e cr\u00e9dito confi\u00e1vel\u201d e \u201cEmpresa Avan\u00e7ada de Produ\u00e7\u00e3o Segura\u201d.<\/p>\t\t\t\t\t\t\t\t<\/div> \t\t\t\t<\/div> \t\t\t\t<\/div> \t\t\t\t<\/div>","protected":false},"excerpt":{"rendered":"<p>customization Customize the solution to your needs technical support Provide support anytime, anywhere. Scientific design High quality, high efficiency lifetime warranty We adhere to the service first, do not do one-shot business. Company introduction Henan wood machinery is a top-level machinery manufacturer and machinery supplier who has a history of decades. It is an innovative [&hellip;]<\/p>\n","protected":false},"author":1,"featured_media":0,"parent":0,"menu_order":0,"comment_status":"closed","ping_status":"closed","template":"","meta":{"_kad_blocks_custom_css":"","_kad_blocks_head_custom_js":"","_kad_blocks_body_custom_js":"","_kad_blocks_footer_custom_js":"","footnotes":""},"class_list":["post-9","page","type-page","status-publish","hentry"],"taxonomy_info":[],"featured_image_src_large":false,"author_info":{"display_name":"HN-WOOD","author_link":"https:\/\/hnwoodmachine.com\/pt\/author\/woodmachine\/"},"comment_info":0,"_links":{"self":[{"href":"https:\/\/hnwoodmachine.com\/pt\/wp-json\/wp\/v2\/pages\/9","targetHints":{"allow":["GET"]}}],"collection":[{"href":"https:\/\/hnwoodmachine.com\/pt\/wp-json\/wp\/v2\/pages"}],"about":[{"href":"https:\/\/hnwoodmachine.com\/pt\/wp-json\/wp\/v2\/types\/page"}],"author":[{"embeddable":true,"href":"https:\/\/hnwoodmachine.com\/pt\/wp-json\/wp\/v2\/users\/1"}],"replies":[{"embeddable":true,"href":"https:\/\/hnwoodmachine.com\/pt\/wp-json\/wp\/v2\/comments?post=9"}],"version-history":[{"count":0,"href":"https:\/\/hnwoodmachine.com\/pt\/wp-json\/wp\/v2\/pages\/9\/revisions"}],"wp:attachment":[{"href":"https:\/\/hnwoodmachine.com\/pt\/wp-json\/wp\/v2\/media?parent=9"}],"curies":[{"name":"wp","href":"https:\/\/api.w.org\/{rel}","templated":true}]}}