{"id":200,"date":"2022-12-07T02:53:03","date_gmt":"2022-12-07T02:53:03","guid":{"rendered":"https:\/\/hnwoodmachine.com\/?page_id=200"},"modified":"2022-12-07T02:53:05","modified_gmt":"2022-12-07T02:53:05","slug":"wood-crusher-sawdust-wood-shredder-branch-shredder","status":"publish","type":"page","link":"https:\/\/hnwoodmachine.com\/pt\/wood-crusher-sawdust-wood-shredder-branch-shredder\/","title":{"rendered":"Triturador de madeira | Triturador de serragem de madeira | Triturador de galhos"},"content":{"rendered":"<p>M\u00e1quina trituradora de madeira, tamb\u00e9m chamada de m\u00e1quina trituradora de galhos, m\u00e1quina trituradora de serragem e m\u00e1quina trituradora de corte de madeira. Com a m\u00e1quina trituradora de madeira, voc\u00ea pode cortar muitas mat\u00e9rias-primas duras e macias, como galhos, toras, madeira compensada, palha, talo de milho e assim por diante. A\u00ed voc\u00ea obt\u00e9m os produtos finais que podem ser utilizados na fabrica\u00e7\u00e3o de carv\u00e3o, reprocessamento e fabrica\u00e7\u00e3o de pellets.<\/p>    <h2 class=\"wp-block-heading\" id=\"h-brief-introduction-of-the-wood-crusher-machine\"><strong>Breve introdu\u00e7\u00e3o da m\u00e1quina trituradora de madeira<\/strong><\/h2>    <p>Nossos trituradores de madeira s\u00e3o geralmente usados \u200b\u200bpara reciclar res\u00edduos de madeira. Nesta parte, discutirei a estrutura da m\u00e1quina e como ela funciona, al\u00e9m de explicar sua gama de mat\u00e9rias-primas.<\/p>    <h3 class=\"wp-block-heading\" id=\"h-structure-of-machine-and-manner-of-working\">Estrutura da M\u00e1quina e Forma de Trabalho<\/h3>    <p>M\u00e1quina trituradora de madeira, tamb\u00e9m chamada de trituradora de madeira, e pertence a produtos de processamento de madeira. O triturador de madeira \u00e9 composto principalmente por uma base, uma entrada de alimenta\u00e7\u00e3o, uma sa\u00edda, uma cabe\u00e7a de corte, uma peneira, um martelo e uma l\u00e2mina de corte. A m\u00e1quina de grande porte tamb\u00e9m possui controle el\u00e9trico.<\/p>    <figure class=\"wp-block-image size-large\"><img fetchpriority=\"high\" decoding=\"async\" width=\"1012\" height=\"601\" src=\"https:\/\/hnwoodmachine.com\/wp-content\/uploads\/2021\/03\/Route-Chart-of-Wood-Crusher-Machine.jpg\" alt=\"\" class=\"wp-image-212\" title=\"\" srcset=\"https:\/\/hnwoodmachine.com\/wp-content\/uploads\/2021\/03\/Route-Chart-of-Wood-Crusher-Machine.jpg 1012w, https:\/\/hnwoodmachine.com\/wp-content\/uploads\/2021\/03\/Route-Chart-of-Wood-Crusher-Machine-300x178.jpg 300w, https:\/\/hnwoodmachine.com\/wp-content\/uploads\/2021\/03\/Route-Chart-of-Wood-Crusher-Machine-768x456.jpg 768w\" sizes=\"(max-width: 1012px) 100vw, 1012px\" \/><figcaption class=\"wp-element-caption\"><br>Carta de Rota da Madeira <\/figcaption><\/figure>    <p>Primeiramente, as mat\u00e9rias-primas s\u00e3o colocadas nas entradas de alimenta\u00e7\u00e3o, depois o martelo e a l\u00e2mina de corte processar\u00e3o os materiais em alta velocidade. Ap\u00f3s alguns segundos, a serragem sair\u00e1 pela sa\u00edda.<\/p>    <figure class=\"wp-block-image size-large\"><img decoding=\"async\" width=\"720\" height=\"540\" src=\"https:\/\/hnwoodmachine.com\/wp-content\/uploads\/2021\/03\/Internal-Machine-Structure.jpg\" alt=\"\" class=\"wp-image-214\" title=\"\" srcset=\"https:\/\/hnwoodmachine.com\/wp-content\/uploads\/2021\/03\/Internal-Machine-Structure.jpg 720w, https:\/\/hnwoodmachine.com\/wp-content\/uploads\/2021\/03\/Internal-Machine-Structure-300x225.jpg 300w\" sizes=\"(max-width: 720px) 100vw, 720px\" \/><figcaption class=\"wp-element-caption\">Estrutura Interna da M\u00e1quina<\/figcaption><\/figure>    <h3 class=\"wp-block-heading\" id=\"h-raw-materials-for-wood-crusher-machine\">Mat\u00e9rias-primas para m\u00e1quina trituradora de madeira<\/h3>    <figure class=\"wp-block-table\"><table><tbody><tr><td>Mat\u00e9rias-primas duras<\/td><td>Mat\u00e9rias-Primas Suaves<\/td><\/tr><tr><td>Madeira dura, bambu cru, madeira de pinho, madeira diversa, madeira de choupo, abeto, etc.<\/td><td>Madeira macia, aglomerado, compensado, palha, talo de milho, talo de sorgo, etc.<\/td><\/tr><\/tbody><\/table><figcaption class=\"wp-element-caption\">Mat\u00e9rias-primas da m\u00e1quina trituradora de madeira<\/figcaption><\/figure>    <figure class=\"wp-block-image size-large\"><img decoding=\"async\" width=\"720\" height=\"540\" src=\"https:\/\/hnwoodmachine.com\/wp-content\/uploads\/2021\/03\/Long-Neck-Wood-Crusher.jpg\" alt=\"\" class=\"wp-image-215\" title=\"\" srcset=\"https:\/\/hnwoodmachine.com\/wp-content\/uploads\/2021\/03\/Long-Neck-Wood-Crusher.jpg 720w, https:\/\/hnwoodmachine.com\/wp-content\/uploads\/2021\/03\/Long-Neck-Wood-Crusher-300x225.jpg 300w\" sizes=\"(max-width: 720px) 100vw, 720px\" \/><figcaption class=\"wp-element-caption\"><br>Triturador de madeira de pesco\u00e7o longo <\/figcaption><\/figure>    <h2 class=\"wp-block-heading\" id=\"h-information-of-wood-shredders-process-finished-product\">Informa\u00e7\u00f5es do produto acabado do processo dos trituradores de madeira<\/h2>    <p>Como sabemos, diferentes produtos processados \u200b\u200bt\u00eam utiliza\u00e7\u00f5es diferentes. Nesta parte voc\u00ea obter\u00e1 mais informa\u00e7\u00f5es sobre como utilizar os produtos processados \u200b\u200be como o tamanho do rendimento afeta o n\u00famero de produ\u00e7\u00e3o.<\/p>    <h3 class=\"wp-block-heading\" id=\"h-the-role-of-the-materials-produces-by-the-wood-shredders\">O papel dos materiais produzidos pelos trituradores de madeira<\/h3>    <p>1. Os materiais de 3-5 mm (principalmente poeira) podem ser transformados em carv\u00e3o.<\/p>    <p>2. O produto acabado de 8 mm-1 cm pode ser usado como meio de cultura (como: meio de cultura para fungos comest\u00edveis).<\/p>    <p>3. Para reprocessar e depois vender ou reutilizar, como madeira, aglomerado, etc.<\/p>    <p>4. Feito em pellets<\/p>    <div class=\"wp-block-columns is-layout-flex wp-container-core-columns-is-layout-28f84493 wp-block-columns-is-layout-flex\"> <div class=\"wp-block-column is-layout-flow wp-block-column-is-layout-flow\" style=\"flex-basis:100%\"> <figure class=\"wp-block-image size-large\"><img loading=\"lazy\" decoding=\"async\" width=\"720\" height=\"540\" src=\"https:\/\/hnwoodmachine.com\/wp-content\/uploads\/2021\/03\/Final-Products-of-Branch-Crusher.jpg\" alt=\"\" class=\"wp-image-219\" title=\"\" srcset=\"https:\/\/hnwoodmachine.com\/wp-content\/uploads\/2021\/03\/Final-Products-of-Branch-Crusher.jpg 720w, https:\/\/hnwoodmachine.com\/wp-content\/uploads\/2021\/03\/Final-Products-of-Branch-Crusher-300x225.jpg 300w\" sizes=\"(max-width: 720px) 100vw, 720px\" \/><figcaption class=\"wp-element-caption\">Produtos finais do britador de ramos<\/figcaption><\/figure> <\/div> <\/div>    <h3 class=\"wp-block-heading\" id=\"h-the-relationship-between-wood-crusher-machine-s-sieve-and-yield\">A rela\u00e7\u00e3o entre a peneira e o rendimento da m\u00e1quina trituradora de madeira<\/h3>    <p>O tamanho da malha da tela afeta diretamente a espessura do produto processado. Quanto menor o di\u00e2metro do furo da tela, menor ser\u00e1 o tamanho da sa\u00edda e menor ser\u00e1 o n\u00famero da sa\u00edda.<\/p>    <h2 class=\"wp-block-heading\" id=\"h-characteristics-of-wood-shredder-machine\"><strong>Caracter\u00edsticas da m\u00e1quina trituradora de madeira<\/strong><\/h2>    <h3 class=\"wp-block-heading\" id=\"h-basic-information-of-accessories-for-wood-crusher-machine\"><strong>&nbsp;Informa\u00e7\u00f5es b\u00e1sicas de acess\u00f3rios para m\u00e1quina trituradora de madeira<\/strong><\/h3>    <figure class=\"wp-block-table\"><table><tbody><tr><td><strong>Acess\u00f3rios<\/strong><strong><\/strong><\/td><td><strong>Material<\/strong><strong><\/strong><\/td><\/tr><tr><td><strong>L\u00e2mina<\/strong><strong><\/strong><\/td><td><strong>Liga de a\u00e7o<\/strong><strong><\/strong><\/td><\/tr><tr><td><strong>Martelo<\/strong><strong><\/strong><\/td><td><strong>A\u00e7o Mangan\u00eas n\u00ba 65<\/strong><strong><\/strong><\/td><\/tr><tr><td><strong>Peneira<\/strong><strong><\/strong><\/td><td><strong>A\u00e7o Mangan\u00eas<\/strong><strong><\/strong><\/td><\/tr><\/tbody><\/table><figcaption class=\"wp-element-caption\">Material do corpo do triturador de madeira<\/figcaption><\/figure>    <h3 class=\"wp-block-heading\" id=\"h-notes-for-wood-shredders-cutting-blades-and-cutterheads\">Notas sobre l\u00e2minas de corte e cabe\u00e7otes de corte de trituradores de madeira<\/h3>    <p id=\"h-after-3-months-you-are-supposed-to-replace-the-blades-although-the-quality-of-our-machine-is-high-to-keep-the-machine-working-efficiently-and-the-output-of-the-product-you-can-sharpen-the-blades-often-our-company-also-offer-a-sharpener-you-can-sharpen-the-blades-by-it-since-it-is-vulnerable-you-can-buy-more-blades-for-replacement\">Ap\u00f3s 3 meses, voc\u00ea dever\u00e1 substituir as l\u00e2minas. Embora a qualidade de nossa m\u00e1quina seja alta, para manter a m\u00e1quina funcionando com efici\u00eancia e o rendimento do produto, voc\u00ea pode afiar as l\u00e2minas com frequ\u00eancia. Nossa empresa tamb\u00e9m oferece um apontador, voc\u00ea pode afiar as l\u00e2minas com ele. Por ser vulner\u00e1vel, voc\u00ea pode comprar mais l\u00e2minas para reposi\u00e7\u00e3o.<\/p>    <p>Para trocar a part\u00edcula \u00e9 necess\u00e1rio trocar o luo e ajustar a faca simultaneamente. O furo n\u00e3o deve ser inferior a 14 mm (di\u00e2metro), n\u00e3o superior a 20 mm (di\u00e2metro), o comprimento da faca deve estar entre 3-6 mm e a folga entre a placa inferior da faca e a faca n\u00e3o deve ser superior a 1 mm.<\/p>    <h3 class=\"wp-block-heading\">Notas para as portas de alimenta\u00e7\u00e3o da m\u00e1quina trituradora de madeira:<\/h3>    <p>1. A escolha do tamanho das entradas de alimenta\u00e7\u00e3o \u00e9 baseada na largura das suas mat\u00e9rias-primas. Existem dois tipos de entrada de alimenta\u00e7\u00e3o em nossas m\u00e1quinas trituradoras de madeira, e elas desempenham fun\u00e7\u00f5es diferentes quando as m\u00e1quinas est\u00e3o funcionando. O mais largo (\u00e0 direita) \u00e9 adequado para mat\u00e9rias-primas macias e mat\u00e9rias-primas de pequeno porte. Por exemplo, voc\u00ea pode colocar materiais como lascas de madeira, grama e palha nesta entrada de alimenta\u00e7\u00e3o. A outra (esquerda) \u00e9 totalmente diferente dela. h\u00e1 uma l\u00e2mina inferior com facas dentro, que n\u00e3o parecem mais largas. Nesta entrada de alimenta\u00e7\u00e3o, voc\u00ea pode colocar materiais duros e grossos, como toras, madeiras nobres, galhos grossos e restos de madeira. <\/p>    <p>2. Temos dois comprimentos de entrada de alimenta\u00e7\u00e3o. Quanto mais tempo voc\u00ea pode ajudar o material longo que voc\u00ea deseja colocar a se estabilizar mais, e ent\u00e3o voc\u00ea pode salvar o madeireiro que foi preparado para manter os materiais est\u00e1veis \u200b\u200b\u200b\u200bantes. Se voc\u00ea tiver muitos materiais longos para quebrar, poder\u00e1 escolher esse tipo.<\/p>    <figure class=\"wp-block-gallery has-nested-images columns-default is-cropped wp-block-gallery-2 is-layout-flex wp-block-gallery-is-layout-flex\"> <figure class=\"wp-block-image size-large\"><img loading=\"lazy\" decoding=\"async\" width=\"720\" height=\"540\" data-id=\"221\" src=\"https:\/\/hnwoodmachine.com\/wp-content\/uploads\/2021\/03\/Small-Wood-Crusher.jpg\" alt=\"\" class=\"wp-image-221\" title=\"\" srcset=\"https:\/\/hnwoodmachine.com\/wp-content\/uploads\/2021\/03\/Small-Wood-Crusher.jpg 720w, https:\/\/hnwoodmachine.com\/wp-content\/uploads\/2021\/03\/Small-Wood-Crusher-300x225.jpg 300w\" sizes=\"(max-width: 720px) 100vw, 720px\" \/><figcaption><\/figcaption><\/figure> <figcaption class=\"blocks-gallery-caption wp-element-caption\">Triturador de madeira pequeno<\/figcaption><\/figure>    <h2 class=\"wp-block-heading\" id=\"h-movement-method-and-power-source-for-wood-shredders\">M\u00e9todo de movimento e fonte de energia para trituradores de madeira<\/h2>    <h3 class=\"wp-block-heading\" id=\"h-power-sources-of-wood-crusher-machine\"><strong>Fontes de energia da m\u00e1quina trituradora de madeira<\/strong><\/h3>    <p>Temos duas maneiras de dar partida na m\u00e1quina:\u00a0gera\u00e7\u00e3o de energia a diesel e energia do motor el\u00e9trico. Voc\u00ea pode escolher o mais conveniente.<\/p>    <figure class=\"wp-block-gallery has-nested-images columns-default is-cropped wp-block-gallery-3 is-layout-flex wp-block-gallery-is-layout-flex\"> <figure class=\"wp-block-image size-large\"><img loading=\"lazy\" decoding=\"async\" width=\"720\" height=\"540\" data-id=\"216\" src=\"https:\/\/hnwoodmachine.com\/wp-content\/uploads\/2021\/03\/Electric-Motor-Power-Machine.jpg\" alt=\"\" class=\"wp-image-216\" title=\"\" srcset=\"https:\/\/hnwoodmachine.com\/wp-content\/uploads\/2021\/03\/Electric-Motor-Power-Machine.jpg 720w, https:\/\/hnwoodmachine.com\/wp-content\/uploads\/2021\/03\/Electric-Motor-Power-Machine-300x225.jpg 300w\" sizes=\"(max-width: 720px) 100vw, 720px\" \/><figcaption><\/figcaption><\/figure>    <figure class=\"wp-block-image size-large\"><img loading=\"lazy\" decoding=\"async\" width=\"720\" height=\"540\" data-id=\"217\" src=\"https:\/\/hnwoodmachine.com\/wp-content\/uploads\/2021\/03\/Diesel-Power-Generation-Machine.jpg\" alt=\"\" class=\"wp-image-217\" title=\"\" srcset=\"https:\/\/hnwoodmachine.com\/wp-content\/uploads\/2021\/03\/Diesel-Power-Generation-Machine.jpg 720w, https:\/\/hnwoodmachine.com\/wp-content\/uploads\/2021\/03\/Diesel-Power-Generation-Machine-300x225.jpg 300w\" sizes=\"(max-width: 720px) 100vw, 720px\" \/><figcaption><\/figcaption><\/figure> <figcaption class=\"blocks-gallery-caption wp-element-caption\">M\u00e1quina de Pot\u00eancia de Motor El\u00e9trico (Esquerda) &amp; M\u00e1quina de Gera\u00e7\u00e3o de Pot\u00eancia a Diesel (Direita)<\/figcaption><\/figure>    <p>Do ponto de vista seguro, sugerimos que voc\u00ea tenha\u00a0um gabinete de controle de tens\u00e3o se a pot\u00eancia da m\u00e1quina escolhida for superior a 22 kW. Tamb\u00e9m temos transportadores para venda!<\/p>    <h3 class=\"wp-block-heading\" id=\"h-wheels-of-wood-crusher-machine\"><strong>M\u00e1quina trituradora de rodas de madeira<\/strong><\/h3>    <p>Temos diversos tipos de rodas e tamb\u00e9m podemos fazer rodas como voc\u00ea quiser. Aqui posto alguns deles. Al\u00e9m do mais, est\u00e1 tudo bem se voc\u00ea n\u00e3o quiser ter as rodas. Tamb\u00e9m temos m\u00e1quinas sem rodas mas com bases fixas, e voc\u00ea pode coloc\u00e1-las onde quiser.<\/p>    <h2 class=\"wp-block-heading\" id=\"h-star-product-big-size-wood-crusher-machine\">Produto estrela \u2014\u2014 M\u00e1quina trituradora de madeira de tamanho grande<\/h2>    <p class=\"translation-block\"><strong><span class=\"has-inline-color has-vivid-red-color\">A Trituradora de Madeira de Grande Porte VENDE BEM!<\/span><\/strong><\/p>    <p>Um grande n\u00famero de clientes escolhe os grandes trituradores de madeira (Modelo\u2265900). Aqui est\u00e3o os detalhes de nossos produtos estrela.<\/p>    <h3 class=\"wp-block-heading\" id=\"h-basic-information-of-the-big-size-shredders\">Informa\u00e7\u00f5es b\u00e1sicas dos trituradores de tamanho grande<\/h3>    <p>Este tipo de grande trituradora de madeira \u00e9 o principal produto atual. A pot\u00eancia e o rendimento s\u00e3o muito maiores que os pequenos.<\/p>    <p>O maior pode ajudar a triturar uma grande quantidade de mat\u00e9ria-prima, todos eles conseguem lidar com materiais em pouco tempo.<\/p>    <figure class=\"wp-block-image size-large\"><img loading=\"lazy\" decoding=\"async\" width=\"720\" height=\"540\" src=\"https:\/\/hnwoodmachine.com\/wp-content\/uploads\/2021\/03\/Large-Model-Wood-Shredder-is-Waiting-for-Shipping-1.jpg\" alt=\"\" class=\"wp-image-220\" title=\"\" srcset=\"https:\/\/hnwoodmachine.com\/wp-content\/uploads\/2021\/03\/Large-Model-Wood-Shredder-is-Waiting-for-Shipping-1.jpg 720w, https:\/\/hnwoodmachine.com\/wp-content\/uploads\/2021\/03\/Large-Model-Wood-Shredder-is-Waiting-for-Shipping-1-300x225.jpg 300w\" sizes=\"(max-width: 720px) 100vw, 720px\" \/><figcaption class=\"wp-element-caption\">Triturador de madeira modelo grande est\u00e1 aguardando envio<\/figcaption><\/figure>    <h3 class=\"wp-block-heading\" id=\"h-why-you-choose-our-wood-shredders\"><strong>Por que voc\u00ea escolhe nossos trituradores de madeira?<\/strong><\/h3>    <p>Nossa m\u00e1quina trituradora de madeira tem baixo investimento, baixo consumo de energia, alta produtividade, bons benef\u00edcios econ\u00f4micos e uso e manuten\u00e7\u00e3o convenientes. E tamb\u00e9m temos outras vantagens, \u00e9 uma esp\u00e9cie de equipamento especial para o desenvolvimento da produ\u00e7\u00e3o de fungos comest\u00edveis ou para a produ\u00e7\u00e3o de pain\u00e9is de alta densidade para aglomerados e pain\u00e9is de serragem.<\/p>    <h3 class=\"wp-block-heading\" id=\"h-cases-of-big-size-wood-shredder-machine\">Caixas de m\u00e1quina trituradora de madeira de tamanho grande<\/h3>    <p>Recentemente, um empres\u00e1rio de Dubai encomendou-nos um grande triturador de madeira WD-1000. A princ\u00edpio ele pensou em observar de perto as m\u00e1quinas de nossa f\u00e1brica. Ele teve que desistir dessa ideia devido ao COVID-19. dissemos a ele que ter\u00edamos ao vivo para apresentar detalhadamente nossa f\u00e1brica e nossa trituradora de madeira, ele ficou feliz e assistiu a live na hora certa. <\/p>    <p>Durante a transmiss\u00e3o ao vivo, ele ficou profundamente atra\u00eddo pelos nossos produtos. Mais tarde ficamos sabendo que ele trabalhava em uma horta e tinha uma grande quantidade de galhos para esmagar todos os anos. Com esse triturador de madeira, ele colocou os galhos e depois pegou a serragem. Depois a serragem foi vendida para uma Ind\u00fastria de Papel, o que o ajudou a ganhar mais dinheiro do que antes.<\/p>    <figure class=\"wp-block-image size-large\"><img loading=\"lazy\" decoding=\"async\" width=\"720\" height=\"540\" src=\"https:\/\/hnwoodmachine.com\/wp-content\/uploads\/2021\/03\/Large-wood-crushers-are-ready-to-be-shipped-to-Dubai.jpg\" alt=\"\" class=\"wp-image-211\" title=\"\" srcset=\"https:\/\/hnwoodmachine.com\/wp-content\/uploads\/2021\/03\/Large-wood-crushers-are-ready-to-be-shipped-to-Dubai.jpg 720w, https:\/\/hnwoodmachine.com\/wp-content\/uploads\/2021\/03\/Large-wood-crushers-are-ready-to-be-shipped-to-Dubai-300x225.jpg 300w\" sizes=\"(max-width: 720px) 100vw, 720px\" \/><figcaption class=\"wp-element-caption\">Grande triturador de madeira est\u00e1 pronto para ser enviado para Dubai<\/figcaption><\/figure>    <h2 class=\"wp-block-heading\" id=\"h-technical-data-of-the-wood-crushers\">Dados T\u00e9cnicos dos Trituradores de Madeira<\/h2>    <figure class=\"wp-block-table\"><table><tbody><tr><td>Modelo<\/td><td>Poder<\/td><td>Sa\u00edda (T)<\/td><td>Pano de tela<\/td><\/tr><tr><td>WD-420<\/td><td>7.5-11<\/td><td>0.5<\/td><td>50<\/td><\/tr><tr><td>WD-500<\/td><td>18.5<\/td><td>1<\/td><td>60<\/td><\/tr><tr><td>WD-600<\/td><td>30<\/td><td>1.5<\/td><td>100<\/td><\/tr><tr><td>WD-450<\/td><td>11<\/td><td>0.8<\/td><td>&nbsp;<\/td><\/tr><tr><td>WD-700<\/td><td>37<\/td><td>25<\/td><td>150<\/td><\/tr><tr><td>WD-900<\/td><td>55<\/td><td>1.5-3.5<\/td><td>300<\/td><\/tr><tr><td>WD-1000<\/td><td>75+7.5<\/td><td>3.5<\/td><td>400<\/td><\/tr><tr><td>WD-1200<\/td><td>90<\/td><td>5.5<\/td><td>600<\/td><\/tr><tr><td>WD-1500<\/td><td>110<\/td><td>7.5<\/td><td>800<\/td><\/tr><tr><td>WD-1800<\/td><td>132<\/td><td>11.5<\/td><td><\/td><\/tr><\/tbody><\/table><figcaption class=\"wp-element-caption\">Modelo do produto e informa\u00e7\u00f5es relacionadas<\/figcaption><\/figure>    <p>Nesta tabela, as m\u00e1quinas do tamanho 420 ao tamanho 700 s\u00e3o nomeadas com base no di\u00e2metro da cabe\u00e7a de corte e outras n\u00e3o.<\/p>    <h3 class=\"wp-block-heading\" id=\"h-the-price-of-wood-shredders\">O pre\u00e7o dos trituradores de madeira<\/h3>    <p>O pre\u00e7o de uma trituradora de madeira depende do componente da m\u00e1quina. Por exemplo, a m\u00e1quina maior precisa de mais l\u00e2minas, ent\u00e3o o pre\u00e7o delas \u00e9 um pouco mais alto que o da pequena. Se quiser saber mais detalhes sobre o pre\u00e7o, entre em contato conosco.<\/p>    <h2 class=\"wp-block-heading\" id=\"h-attention-points-of-wood-crushers\">Pontos de aten\u00e7\u00e3o dos trituradores de madeira<\/h2>    <p>Aqui est\u00e3o algumas dicas importantes de opera\u00e7\u00e3o que voc\u00ea precisa saber.<\/p>    <h3 class=\"wp-block-heading\" id=\"h-how-to-test-the-machine-if-it-works-well-after-installation\"><strong>Como testar a m\u00e1quina se funciona bem ap\u00f3s a instala\u00e7\u00e3o?<\/strong><\/h3>    <p>1.\u00a0Ligue a energia e verifique se a dire\u00e7\u00e3o est\u00e1 correta.<\/p>    <p>2. Ao instalar e trocar o cortador, estenda o fio da faca 2-4 mm do plano da placa do cortador e, em seguida, aperte o parafuso. Se a fivela da rosca do parafuso de press\u00e3o estiver desgastada, ela dever\u00e1 ser substitu\u00edda imediatamente para evitar o deslizamento da porca do disco da faca.<\/p>    <p>3. Altere o grau de alongamento da faca, deve ter o mesmo comprimento da faca de alongamento.<\/p>    <p>4. Dependendo do comprimento da faca, as part\u00edculas n\u00e3o conseguem atingir o ideal, alteram os diferentes tamanhos de poros do rottweiler.<\/p>    <p>5. \u00c9 estritamente proibido colocar madeira com pedras e pregos na m\u00e1quina para evitar danificar a faca e a parte interna.<\/p>    <p>6. Preste aten\u00e7\u00e3o para verificar se o parafuso do martelo est\u00e1 solto, aperte imediatamente, o martelo e o parafuso est\u00e3o seriamente desgastados e devem ser substitu\u00eddos.<\/p>    <p>7. O \u00e2ngulo de afia\u00e7\u00e3o \u00e9 de 28-30 graus, \u00e9 estritamente proibido moer superf\u00edcies convexas, a superf\u00edcie convexa far\u00e1 com que a l\u00e2mina de a\u00e7o se quebre ou descasque parcialmente o a\u00e7o.<\/p>    <p>8. As m\u00e1quinas usadas com frequ\u00eancia devem ser verificadas quanto \u00e0 falta de manteiga de rolamento. A manteiga deve ser reabastecida por 3-4 horas, n\u00e3o muito.<\/p>    <h3 class=\"wp-block-heading\" id=\"h-maintenance-of-wood-crusher-machine\"><strong>Manuten\u00e7\u00e3o da M\u00e1quina Trituradora de Madeira<\/strong><\/h3>    <p>1. O rolamento deve ser preenchido com manteiga em tempo h\u00e1bil. O rolamento deve ser preenchido com manteiga uma vez a cada 3-4 horas para opera\u00e7\u00e3o cont\u00ednua.<\/p>    <p>2. Depois de usar a correia triangular por um per\u00edodo de tempo, o aperto deve ser ajustado novamente e \u00e9 aconselh\u00e1vel diminuir em 6-10 mm.<\/p>    <p>3. Limpe a m\u00e1quina todos os dias ap\u00f3s o trabalho, verifique se h\u00e1 rachaduras ou outros problemas e repare a m\u00e1quina a tempo.<\/p>    <h3 class=\"wp-block-heading\" id=\"h-common-problems-solutions\">Problemas e solu\u00e7\u00f5es comuns:<\/h3>    <p>1. A l\u00e2mina n\u00e3o est\u00e1 bem ajustada, corte a l\u00e2mina de reparo de part\u00edculas de serragem, dificuldade de alimenta\u00e7\u00e3o, o desgaste da l\u00e2mina n\u00e3o \u00e9 afiado.<\/p>    <p>2. A folga da faca fixa \u00e9 muito pequena ou muito grande. Repare e afie a l\u00e2mina.<\/p>    <p>3. Ajuste a folga fixa da faca em 2-3 mm.<\/p>    <p>4. O \u00e2ngulo da l\u00e2mina n\u00e3o deve ser superior a 30 \u00b0, alimenta\u00e7\u00e3o de sobrecarga de carga muito r\u00e1pida e irregular.<\/p>    <p>5. A l\u00e2mina n\u00e3o est\u00e1 afiada, reduza a velocidade de alimenta\u00e7\u00e3o.<\/p>    <p>6. Aquecimento do rolamento da l\u00e2mina polida.<\/p>    <p>7. Sem manteiga na sede do rolamento.<\/p>    <p>8. O assento do rolamento n\u00e3o est\u00e1 instalado de forma plana.<\/p>    <p>9. Danos nos rolamentos | O cinto est\u00e1 muito apertado com manteiga.<\/p>    <p>10. Balan\u00e7o de alinhamento do pedestal de rolamento.<\/p>    <p>11. Novos rolamentos | Ajuste o aperto do cinto.<\/p>","protected":false},"excerpt":{"rendered":"<p>Wood crusher machine also called branch shredder machine, sawdust wood crusher machine and wood cutting crusher machine. By wood crush machine, you can cut lots of hard and soft raw materials like branches, logs, plywood, thatch, corn stalk and so on. Then you get the final products which can be used in making charcoal, re-process [&hellip;]<\/p>\n","protected":false},"author":1,"featured_media":0,"parent":0,"menu_order":0,"comment_status":"open","ping_status":"closed","template":"","meta":{"_kad_blocks_custom_css":"","_kad_blocks_head_custom_js":"","_kad_blocks_body_custom_js":"","_kad_blocks_footer_custom_js":"","footnotes":""},"class_list":["post-200","page","type-page","status-publish","hentry"],"taxonomy_info":[],"featured_image_src_large":false,"author_info":{"display_name":"HN-WOOD","author_link":"https:\/\/hnwoodmachine.com\/pt\/author\/woodmachine\/"},"comment_info":0,"_links":{"self":[{"href":"https:\/\/hnwoodmachine.com\/pt\/wp-json\/wp\/v2\/pages\/200","targetHints":{"allow":["GET"]}}],"collection":[{"href":"https:\/\/hnwoodmachine.com\/pt\/wp-json\/wp\/v2\/pages"}],"about":[{"href":"https:\/\/hnwoodmachine.com\/pt\/wp-json\/wp\/v2\/types\/page"}],"author":[{"embeddable":true,"href":"https:\/\/hnwoodmachine.com\/pt\/wp-json\/wp\/v2\/users\/1"}],"replies":[{"embeddable":true,"href":"https:\/\/hnwoodmachine.com\/pt\/wp-json\/wp\/v2\/comments?post=200"}],"version-history":[{"count":0,"href":"https:\/\/hnwoodmachine.com\/pt\/wp-json\/wp\/v2\/pages\/200\/revisions"}],"wp:attachment":[{"href":"https:\/\/hnwoodmachine.com\/pt\/wp-json\/wp\/v2\/media?parent=200"}],"curies":[{"name":"wp","href":"https:\/\/api.w.org\/{rel}","templated":true}]}}