{"id":9,"date":"2021-03-18T05:44:13","date_gmt":"2021-03-18T05:44:13","guid":{"rendered":"https:\/\/hnwoodmachine.com\/?page_id=9"},"modified":"2024-04-23T10:15:35","modified_gmt":"2024-04-23T02:15:35","slug":"about","status":"publish","type":"page","link":"https:\/\/hnwoodmachine.com\/fr\/about\/","title":{"rendered":"\u00c0 propos"},"content":{"rendered":"<div data-elementor-type=\"wp-page\" data-elementor-id=\"9\" class=\"elementor elementor-9\" data-elementor-post-type=\"page\"> \t\t\t\t<div class=\"elementor-element elementor-element-c4cd758 e-con-full e-flex e-con e-parent\" data-id=\"c4cd758\" data-element_type=\"container\" data-e-type=\"container\" data-settings=\"{&quot;background_background&quot;:&quot;classic&quot;}\"> \t\t\t\t<\/div> \t\t<div class=\"elementor-element elementor-element-d7abce6 e-con-full e-flex e-con e-parent\" data-id=\"d7abce6\" data-element_type=\"container\" data-e-type=\"container\"> \t\t\t\t<div class=\"elementor-element elementor-element-0057b8f elementor-position-top elementor-widget elementor-widget-image-box\" data-id=\"0057b8f\" data-element_type=\"widget\" data-e-type=\"widget\" data-widget_type=\"image-box.default\"> \t\t\t\t\t<div class=\"elementor-image-box-wrapper\"><figure class=\"elementor-image-box-img\"><img decoding=\"async\" width=\"70\" height=\"71\" src=\"https:\/\/hnwoodmachine.com\/wp-content\/uploads\/2021\/03\/icon-1-1.png\" class=\"attachment-full size-full wp-image-128\" alt=\"\" title=\"\"><\/figure><div class=\"elementor-image-box-content\"><h3 class=\"elementor-image-box-title\">personnalisation<\/h3><p class=\"elementor-image-box-description\">Personnalisez la solution selon vos besoins<\/p><\/div><\/div>\t\t\t\t<\/div> \t\t\t\t<div class=\"elementor-element elementor-element-6a2e3b6 elementor-position-top elementor-widget elementor-widget-image-box\" data-id=\"6a2e3b6\" data-element_type=\"widget\" data-e-type=\"widget\" data-widget_type=\"image-box.default\"> \t\t\t\t\t<div class=\"elementor-image-box-wrapper\"><figure class=\"elementor-image-box-img\"><img decoding=\"async\" width=\"70\" height=\"67\" src=\"https:\/\/hnwoodmachine.com\/wp-content\/uploads\/2021\/03\/icon3.png\" class=\"attachment-full size-full wp-image-129\" alt=\"\" title=\"\"><\/figure><div class=\"elementor-image-box-content\"><h3 class=\"elementor-image-box-title\"> soutien technique<\/h3><p class=\"elementor-image-box-description\">Fournissez une assistance \u00e0 tout moment et en tout lieu.<\/p><\/div><\/div>\t\t\t\t<\/div> \t\t\t\t<div class=\"elementor-element elementor-element-c2ee7cc elementor-position-top elementor-widget elementor-widget-image-box\" data-id=\"c2ee7cc\" data-element_type=\"widget\" data-e-type=\"widget\" data-widget_type=\"image-box.default\"> \t\t\t\t\t<div class=\"elementor-image-box-wrapper\"><figure class=\"elementor-image-box-img\"><img decoding=\"async\" width=\"70\" height=\"69\" src=\"https:\/\/hnwoodmachine.com\/wp-content\/uploads\/2021\/03\/icon2.png\" class=\"attachment-full size-full wp-image-130\" alt=\"\" title=\"\"><\/figure><div class=\"elementor-image-box-content\"><h3 class=\"elementor-image-box-title\">Conception scientifique<\/h3><p class=\"elementor-image-box-description\">Haute qualit\u00e9, haute efficacit\u00e9<\/p><\/div><\/div>\t\t\t\t<\/div> \t\t\t\t<div class=\"elementor-element elementor-element-1edfe76 elementor-position-top elementor-widget elementor-widget-image-box\" data-id=\"1edfe76\" data-element_type=\"widget\" data-e-type=\"widget\" data-widget_type=\"image-box.default\"> \t\t\t\t\t<div class=\"elementor-image-box-wrapper\"><figure class=\"elementor-image-box-img\"><img loading=\"lazy\" decoding=\"async\" width=\"72\" height=\"73\" src=\"https:\/\/hnwoodmachine.com\/wp-content\/uploads\/2021\/03\/icon4.png\" class=\"attachment-full size-full wp-image-131\" alt=\"\" title=\"\"><\/figure><div class=\"elementor-image-box-content\"><h3 class=\"elementor-image-box-title\">garantie \u00e0 vie<\/h3><p class=\"elementor-image-box-description\">Nous adh\u00e9rons d'abord au service,<br> ne faites pas d'affaires ponctuelles.<\/p><\/div><\/div>\t\t\t\t<\/div> \t\t\t\t<\/div> \t\t<div class=\"elementor-element elementor-element-69f2d41 e-con-full e-flex e-con e-parent\" data-id=\"69f2d41\" data-element_type=\"container\" data-e-type=\"container\" data-settings=\"{&quot;background_background&quot;:&quot;none&quot;}\"> \t\t<div class=\"elementor-element elementor-element-5a3871b e-con-full e-flex e-con e-child\" data-id=\"5a3871b\" data-element_type=\"container\" data-e-type=\"container\" data-settings=\"{&quot;background_background&quot;:&quot;classic&quot;}\"> \t\t\t\t<div class=\"elementor-element elementor-element-09393e7 elementor-widget elementor-widget-heading\" data-id=\"09393e7\" data-element_type=\"widget\" data-e-type=\"widget\" data-widget_type=\"heading.default\"> \t\t\t\t\t<h2 class=\"elementor-heading-title elementor-size-large\">Pr\u00e9sentation De L'Entreprise<\/h2>\t\t\t\t<\/div> \t\t\t\t<div class=\"elementor-element elementor-element-cedf3b3 elementor-widget-divider--view-line elementor-widget elementor-widget-divider\" data-id=\"cedf3b3\" data-element_type=\"widget\" data-e-type=\"widget\" data-widget_type=\"divider.default\"> \t\t\t\t\t\t\t<div class=\"elementor-divider\"> \t\t\t<span class=\"elementor-divider-separator\"> \t\t\t\t\t\t<\/span> \t\t<\/div> \t\t\t\t\t\t<\/div> \t\t\t\t<div class=\"elementor-element elementor-element-448f3d0 elementor-widget elementor-widget-text-editor\" data-id=\"448f3d0\" data-element_type=\"widget\" data-e-type=\"widget\" data-widget_type=\"text-editor.default\"> \t\t\t\t\t\t\t\t\t<p>Henan Wood Machinery est un fabricant et fournisseur de machines de haut niveau qui a une histoire de plusieurs d\u00e9cennies. C'est une entreprise innovante int\u00e9grant la conception, la R&amp;D, la production, la vente et le service avec une cha\u00eene industrielle compl\u00e8te. Dans le domaine des concasseurs, nous ma\u00eetrisons une technologie de pointe et une riche exp\u00e9rience. Gr\u00e2ce aux avantages de la technologie et de la haute qualit\u00e9 des produits, nos machines de transformation du bois ont remport\u00e9 les \u00e9loges unanimes des consommateurs.<\/p>\t\t\t\t\t\t\t\t<\/div> \t\t\t\t<\/div> \t\t<div class=\"elementor-element elementor-element-2b3f634 e-con-full e-flex e-con e-child\" data-id=\"2b3f634\" data-element_type=\"container\" data-e-type=\"container\" data-settings=\"{&quot;background_background&quot;:&quot;classic&quot;}\"> \t\t\t\t<div class=\"elementor-element elementor-element-0c0419d elementor-widget elementor-widget-spacer\" data-id=\"0c0419d\" data-element_type=\"widget\" data-e-type=\"widget\" data-widget_type=\"spacer.default\"> \t\t\t\t\t\t\t<div class=\"elementor-spacer\"> \t\t\t<div class=\"elementor-spacer-inner\"><\/div> \t\t<\/div> \t\t\t\t\t\t<\/div> \t\t\t\t<\/div> \t\t\t\t<\/div> \t\t<div class=\"elementor-element elementor-element-ea33937 e-con-full e-flex e-con e-parent\" data-id=\"ea33937\" data-element_type=\"container\" data-e-type=\"container\" data-settings=\"{&quot;background_background&quot;:&quot;classic&quot;}\"> \t\t<div class=\"elementor-element elementor-element-e621ac0 e-con-full e-flex e-con e-child\" data-id=\"e621ac0\" data-element_type=\"container\" data-e-type=\"container\" data-settings=\"{&quot;background_background&quot;:&quot;classic&quot;}\"> \t\t\t\t<div class=\"elementor-element elementor-element-bdb4c16 elementor-widget elementor-widget-spacer\" data-id=\"bdb4c16\" data-element_type=\"widget\" data-e-type=\"widget\" data-widget_type=\"spacer.default\"> \t\t\t\t\t\t\t<div class=\"elementor-spacer\"> \t\t\t<div class=\"elementor-spacer-inner\"><\/div> \t\t<\/div> \t\t\t\t\t\t<\/div> \t\t\t\t<\/div> \t\t<div class=\"elementor-element elementor-element-0e86d4a e-con-full e-flex e-con e-child\" data-id=\"0e86d4a\" data-element_type=\"container\" data-e-type=\"container\" data-settings=\"{&quot;background_background&quot;:&quot;classic&quot;}\"> \t\t\t\t<div class=\"elementor-element elementor-element-aaf62e3 elementor-widget elementor-widget-heading\" data-id=\"aaf62e3\" data-element_type=\"widget\" data-e-type=\"widget\" data-widget_type=\"heading.default\"> \t\t\t\t\t<h2 class=\"elementor-heading-title elementor-size-large\">Service primordial <\/h2>\t\t\t\t<\/div> \t\t\t\t<div class=\"elementor-element elementor-element-4c5839d elementor-widget-divider--view-line elementor-widget elementor-widget-divider\" data-id=\"4c5839d\" data-element_type=\"widget\" data-e-type=\"widget\" data-widget_type=\"divider.default\"> \t\t\t\t\t\t\t<div class=\"elementor-divider\"> \t\t\t<span class=\"elementor-divider-separator\"> \t\t\t\t\t\t<\/span> \t\t<\/div> \t\t\t\t\t\t<\/div> \t\t\t\t<div class=\"elementor-element elementor-element-4a5bb95 elementor-widget elementor-widget-text-editor\" data-id=\"4a5bb95\" data-element_type=\"widget\" data-e-type=\"widget\" data-widget_type=\"text-editor.default\"> \t\t\t\t\t\t\t\t\t<p>En outre, l'entreprise fournit non seulement \u00e0 ses clients des produits de haute qualit\u00e9, mais \u00e9galement un service de premi\u00e8re classe ainsi qu'un support et des solutions efficaces. Avec de nombreuses ann\u00e9es d'exp\u00e9rience dans la fabrication et la vente dans l'industrie des machines, nous avons acquis une bonne r\u00e9putation gr\u00e2ce au concept de service \u00ab Qualit\u00e9 d'abord, service supr\u00eame \u00bb et \u00e0 des produits de haute qualit\u00e9. Il s'agit d'une marque reconnue dans l'industrie des machines et a donc re\u00e7u le titre d'\u00ab\u00a0Entreprise honorant les contrats et fiable en mati\u00e8re de cr\u00e9dit\u00a0\u00bb et d'\u00ab\u00a0Entreprise avanc\u00e9e de production s\u00fbre\u00a0\u00bb.<\/p>\t\t\t\t\t\t\t\t<\/div> \t\t\t\t<\/div> \t\t\t\t<\/div> \t\t\t\t<\/div>","protected":false},"excerpt":{"rendered":"<p>customization Customize the solution to your needs technical support Provide support anytime, anywhere. Scientific design High quality, high efficiency lifetime warranty We adhere to the service first, do not do one-shot business. Company introduction Henan wood machinery is a top-level machinery manufacturer and machinery supplier who has a history of decades. It is an innovative [&hellip;]<\/p>\n","protected":false},"author":1,"featured_media":0,"parent":0,"menu_order":0,"comment_status":"closed","ping_status":"closed","template":"","meta":{"_kad_blocks_custom_css":"","_kad_blocks_head_custom_js":"","_kad_blocks_body_custom_js":"","_kad_blocks_footer_custom_js":"","footnotes":""},"class_list":["post-9","page","type-page","status-publish","hentry"],"taxonomy_info":[],"featured_image_src_large":false,"author_info":{"display_name":"HN-WOOD","author_link":"https:\/\/hnwoodmachine.com\/fr\/author\/woodmachine\/"},"comment_info":0,"_links":{"self":[{"href":"https:\/\/hnwoodmachine.com\/fr\/wp-json\/wp\/v2\/pages\/9","targetHints":{"allow":["GET"]}}],"collection":[{"href":"https:\/\/hnwoodmachine.com\/fr\/wp-json\/wp\/v2\/pages"}],"about":[{"href":"https:\/\/hnwoodmachine.com\/fr\/wp-json\/wp\/v2\/types\/page"}],"author":[{"embeddable":true,"href":"https:\/\/hnwoodmachine.com\/fr\/wp-json\/wp\/v2\/users\/1"}],"replies":[{"embeddable":true,"href":"https:\/\/hnwoodmachine.com\/fr\/wp-json\/wp\/v2\/comments?post=9"}],"version-history":[{"count":0,"href":"https:\/\/hnwoodmachine.com\/fr\/wp-json\/wp\/v2\/pages\/9\/revisions"}],"wp:attachment":[{"href":"https:\/\/hnwoodmachine.com\/fr\/wp-json\/wp\/v2\/media?parent=9"}],"curies":[{"name":"wp","href":"https:\/\/api.w.org\/{rel}","templated":true}]}}