{"id":200,"date":"2022-12-07T02:53:03","date_gmt":"2022-12-07T02:53:03","guid":{"rendered":"https:\/\/hnwoodmachine.com\/?page_id=200"},"modified":"2022-12-07T02:53:05","modified_gmt":"2022-12-07T02:53:05","slug":"wood-crusher-sawdust-wood-shredder-branch-shredder","status":"publish","type":"page","link":"https:\/\/hnwoodmachine.com\/fr\/wood-crusher-sawdust-wood-shredder-branch-shredder\/","title":{"rendered":"Broyeur de bois | Broyeur de bois de sciure | Broyeur de branches"},"content":{"rendered":"<p>Broyeur de bois \u00e9galement appel\u00e9 broyeur de branches, broyeur de sciure de bois et broyeur de coupe de bois. Gr\u00e2ce \u00e0 la machine \u00e0 broyer le bois, vous pouvez couper de nombreuses mati\u00e8res premi\u00e8res dures et molles comme des branches, des b\u00fbches, du contreplaqu\u00e9, du chaume, des tiges de ma\u00efs, etc. Ensuite, vous obtenez les produits finaux qui peuvent \u00eatre utilis\u00e9s dans la fabrication du charbon de bois, le retraitement et la fabrication de granul\u00e9s.<\/p>    <h2 class=\"wp-block-heading\" id=\"h-brief-introduction-of-the-wood-crusher-machine\"><strong>Br\u00e8ve introduction de la machine de broyeur de bois<\/strong><\/h2>    <p>Nos broyeurs de bois sont g\u00e9n\u00e9ralement utilis\u00e9s pour recycler les d\u00e9chets de bois. Dans cette partie, je discuterai de la structure de la machine et de son fonctionnement, et j'expliquerai sa gamme de mati\u00e8res premi\u00e8res.<\/p>    <h3 class=\"wp-block-heading\" id=\"h-structure-of-machine-and-manner-of-working\">Structure de la machine et mani\u00e8re de travailler<\/h3>    <p>Broyeur de bois \u00e9galement appel\u00e9 broyeur de bois, et il appartient aux produits de transformation du bois. Le broyeur de bois est principalement compos\u00e9 d'une base, d'une entr\u00e9e d'alimentation, d'une sortie, d'une t\u00eate de coupe, d'un tamis, d'un marteau et d'une lame de coupe. La machine de grande taille dispose \u00e9galement d'une\u00a0commande \u00e9lectrique.<\/p>    <figure class=\"wp-block-image size-large\"><img fetchpriority=\"high\" decoding=\"async\" width=\"1012\" height=\"601\" src=\"https:\/\/hnwoodmachine.com\/wp-content\/uploads\/2021\/03\/Route-Chart-of-Wood-Crusher-Machine.jpg\" alt=\"\" class=\"wp-image-212\" title=\"\" srcset=\"https:\/\/hnwoodmachine.com\/wp-content\/uploads\/2021\/03\/Route-Chart-of-Wood-Crusher-Machine.jpg 1012w, https:\/\/hnwoodmachine.com\/wp-content\/uploads\/2021\/03\/Route-Chart-of-Wood-Crusher-Machine-300x178.jpg 300w, https:\/\/hnwoodmachine.com\/wp-content\/uploads\/2021\/03\/Route-Chart-of-Wood-Crusher-Machine-768x456.jpg 768w\" sizes=\"(max-width: 1012px) 100vw, 1012px\" \/><figcaption class=\"wp-element-caption\"><br>Carte d'itin\u00e9raire du bois <\/figcaption><\/figure>    <p>Tout d'abord, les mati\u00e8res premi\u00e8res sont introduites dans les entr\u00e9es d'alimentation, puis le marteau et la lame de coupe traiteront les mat\u00e9riaux \u00e0 grande vitesse. Apr\u00e8s quelques secondes, la sciure sortira de la sortie.<\/p>    <figure class=\"wp-block-image size-large\"><img decoding=\"async\" width=\"720\" height=\"540\" src=\"https:\/\/hnwoodmachine.com\/wp-content\/uploads\/2021\/03\/Internal-Machine-Structure.jpg\" alt=\"\" class=\"wp-image-214\" title=\"\" srcset=\"https:\/\/hnwoodmachine.com\/wp-content\/uploads\/2021\/03\/Internal-Machine-Structure.jpg 720w, https:\/\/hnwoodmachine.com\/wp-content\/uploads\/2021\/03\/Internal-Machine-Structure-300x225.jpg 300w\" sizes=\"(max-width: 720px) 100vw, 720px\" \/><figcaption class=\"wp-element-caption\">Structure interne de la machine<\/figcaption><\/figure>    <h3 class=\"wp-block-heading\" id=\"h-raw-materials-for-wood-crusher-machine\">Mati\u00e8res premi\u00e8res pour la machine de broyeur de bois<\/h3>    <figure class=\"wp-block-table\"><table><tbody><tr><td>Mati\u00e8res premi\u00e8res dures<\/td><td>Mati\u00e8res premi\u00e8res molles<\/td><\/tr><tr><td>Bois durs, bambou brut, bois de pin, bois divers, bois de peuplier, sapin, etc.<\/td><td>Bois tendre, panneaux de particules, contreplaqu\u00e9, chaume, tige de ma\u00efs, tige de sorgho, etc.<\/td><\/tr><\/tbody><\/table><figcaption class=\"wp-element-caption\">Mati\u00e8res premi\u00e8res de la machine de broyeur de bois<\/figcaption><\/figure>    <figure class=\"wp-block-image size-large\"><img decoding=\"async\" width=\"720\" height=\"540\" src=\"https:\/\/hnwoodmachine.com\/wp-content\/uploads\/2021\/03\/Long-Neck-Wood-Crusher.jpg\" alt=\"\" class=\"wp-image-215\" title=\"\" srcset=\"https:\/\/hnwoodmachine.com\/wp-content\/uploads\/2021\/03\/Long-Neck-Wood-Crusher.jpg 720w, https:\/\/hnwoodmachine.com\/wp-content\/uploads\/2021\/03\/Long-Neck-Wood-Crusher-300x225.jpg 300w\" sizes=\"(max-width: 720px) 100vw, 720px\" \/><figcaption class=\"wp-element-caption\"><br>Broyeur de bois \u00e0 long cou <\/figcaption><\/figure>    <h2 class=\"wp-block-heading\" id=\"h-information-of-wood-shredders-process-finished-product\">Informations sur le produit fini du processus des broyeurs de bois<\/h2>    <p>Comme nous le savons, diff\u00e9rents produits transform\u00e9s ont des utilisations diff\u00e9rentes. Dans cette partie, vous obtiendrez plus d'informations sur la fa\u00e7on d'utiliser les produits transform\u00e9s et comment le rendement affecte le nombre de production.<\/p>    <h3 class=\"wp-block-heading\" id=\"h-the-role-of-the-materials-produces-by-the-wood-shredders\">Le r\u00f4le des mat\u00e9riaux produits par les broyeurs de bois<\/h3>    <p>1. Les mat\u00e9riaux de 3 \u00e0 5 mm (principalement de la poussi\u00e8re) peuvent \u00eatre transform\u00e9s en charbon de bois.<\/p>    <p>2. Le produit fini de 8 mm \u00e0 1 cm peut \u00eatre utilis\u00e9 comme milieu de culture (tel que\u00a0: milieu de culture pour champignons comestibles).<\/p>    <p>3. Retraiter, puis vendre ou r\u00e9utiliser, comme le bois, les panneaux de particules, etc.<\/p>    <p>4. Transform\u00e9 en pellets<\/p>    <div class=\"wp-block-columns is-layout-flex wp-container-core-columns-is-layout-28f84493 wp-block-columns-is-layout-flex\"> <div class=\"wp-block-column is-layout-flow wp-block-column-is-layout-flow\" style=\"flex-basis:100%\"> <figure class=\"wp-block-image size-large\"><img loading=\"lazy\" decoding=\"async\" width=\"720\" height=\"540\" src=\"https:\/\/hnwoodmachine.com\/wp-content\/uploads\/2021\/03\/Final-Products-of-Branch-Crusher.jpg\" alt=\"\" class=\"wp-image-219\" title=\"\" srcset=\"https:\/\/hnwoodmachine.com\/wp-content\/uploads\/2021\/03\/Final-Products-of-Branch-Crusher.jpg 720w, https:\/\/hnwoodmachine.com\/wp-content\/uploads\/2021\/03\/Final-Products-of-Branch-Crusher-300x225.jpg 300w\" sizes=\"(max-width: 720px) 100vw, 720px\" \/><figcaption class=\"wp-element-caption\">Produits finaux du concasseur de branches<\/figcaption><\/figure> <\/div> <\/div>    <h3 class=\"wp-block-heading\" id=\"h-the-relationship-between-wood-crusher-machine-s-sieve-and-yield\">La relation entre le tamis et le rendement de la machine de broyage de bois<\/h3>    <p>La taille du maillage du tamis affecte directement l'\u00e9paisseur du produit trait\u00e9. Plus le diam\u00e8tre du trou de tamis est petit, plus la taille de sortie et plus le nombre de sortie est petit.<\/p>    <h2 class=\"wp-block-heading\" id=\"h-characteristics-of-wood-shredder-machine\"><strong>Caract\u00e9ristiques de la d\u00e9chiqueteuse de bois<\/strong><\/h2>    <h3 class=\"wp-block-heading\" id=\"h-basic-information-of-accessories-for-wood-crusher-machine\"><strong>&nbsp;Informations de base sur les accessoires pour la machine de concassage de bois<\/strong><\/h3>    <figure class=\"wp-block-table\"><table><tbody><tr><td><strong>Accessoires<\/strong><strong><\/strong><\/td><td><strong>Mat\u00e9riel<\/strong><strong><\/strong><\/td><\/tr><tr><td><strong>Lame<\/strong><strong><\/strong><\/td><td><strong>Acier alli\u00e9<\/strong><strong><\/strong><\/td><\/tr><tr><td><strong>Marteau<\/strong><strong><\/strong><\/td><td><strong>Acier au mangan\u00e8se n\u00b0 65<\/strong><strong><\/strong><\/td><\/tr><tr><td><strong>Tamis<\/strong><strong><\/strong><\/td><td><strong>Acier au mangan\u00e8se<\/strong><strong><\/strong><\/td><\/tr><\/tbody><\/table><figcaption class=\"wp-element-caption\">Mat\u00e9riau du corps du broyeur de bois<\/figcaption><\/figure>    <h3 class=\"wp-block-heading\" id=\"h-notes-for-wood-shredders-cutting-blades-and-cutterheads\">Remarques concernant les lames de coupe et les t\u00eates de coupe des broyeurs de bois<\/h3>    <p id=\"h-after-3-months-you-are-supposed-to-replace-the-blades-although-the-quality-of-our-machine-is-high-to-keep-the-machine-working-efficiently-and-the-output-of-the-product-you-can-sharpen-the-blades-often-our-company-also-offer-a-sharpener-you-can-sharpen-the-blades-by-it-since-it-is-vulnerable-you-can-buy-more-blades-for-replacement\">Apr\u00e8s 3 mois, vous \u00eates cens\u00e9 remplacer les lames. Bien que la qualit\u00e9 de notre machine soit \u00e9lev\u00e9e, pour maintenir le fonctionnement efficace de la machine et le rendement du produit, vous pouvez souvent aff\u00fbter les lames. Notre soci\u00e9t\u00e9 propose \u00e9galement un aff\u00fbteur, vous pouvez aff\u00fbter les lames gr\u00e2ce \u00e0 lui. Comme il est vuln\u00e9rable, vous pouvez acheter plus de lames pour les remplacer.<\/p>    <p>Pour changer la particule, il faut changer le luo et r\u00e9gler le couteau simultan\u00e9ment. Le trou ne doit pas \u00eatre inf\u00e9rieur \u00e0 14 mm (diam\u00e8tre), pas sup\u00e9rieur \u00e0 20 mm (diam\u00e8tre), la longueur du couteau doit \u00eatre comprise entre 3 et 6 mm et l'espace entre la plaque inf\u00e9rieure du couteau et le couteau ne doit pas \u00eatre sup\u00e9rieur \u00e0 1 mm.<\/p>    <h3 class=\"wp-block-heading\">Remarques concernant les ports d'alimentation de la machine \u00e0 broyer le bois\u00a0:<\/h3>    <p>1. Le choix de la taille des entr\u00e9es d'alimentation d\u00e9pend de la largeur de vos mati\u00e8res premi\u00e8res. Il existe deux types d'entr\u00e9e d'alimentation dans nos broyeurs \u00e0 bois, et ils jouent des r\u00f4les diff\u00e9rents lorsque les machines fonctionnent. Le plus large (\u00e0 droite) convient aux mati\u00e8res premi\u00e8res molles et aux mati\u00e8res premi\u00e8res de petite taille. Par exemple, vous pouvez mettre des mat\u00e9riaux comme des copeaux de bois, de l'herbe et des pailles dans cette entr\u00e9e d'alimentation. L'autre (\u00e0 gauche) en est totalement diff\u00e9rent. il y a une plaque \u00e0 couteaux inf\u00e9rieure avec des couteaux \u00e0 l'int\u00e9rieur, qui ne semblent pas plus larges. Dans cette entr\u00e9e d'alimentation, vous pouvez y introduire des mat\u00e9riaux durs et grossiers tels que des b\u00fbches, des feuillus, des branches grossi\u00e8res et des chutes de bois. <\/p>    <p>2. Nous avons deux longueurs d'entr\u00e9e d'alimentation. Plus on peut aider le long mat\u00e9riau que vous souhaitez mettre dedans \u00e0 se stabiliser davantage, et vous pouvez alors sauver le travailleur du bois qui \u00e9tait auparavant charg\u00e9 de maintenir les mat\u00e9riaux stables. Si vous avez beaucoup de mat\u00e9riaux longs \u00e0 briser,\u00a0vous pouvez choisir ce type.<\/p>    <figure class=\"wp-block-gallery has-nested-images columns-default is-cropped wp-block-gallery-2 is-layout-flex wp-block-gallery-is-layout-flex\"> <figure class=\"wp-block-image size-large\"><img loading=\"lazy\" decoding=\"async\" width=\"720\" height=\"540\" data-id=\"221\" src=\"https:\/\/hnwoodmachine.com\/wp-content\/uploads\/2021\/03\/Small-Wood-Crusher.jpg\" alt=\"\" class=\"wp-image-221\" title=\"\" srcset=\"https:\/\/hnwoodmachine.com\/wp-content\/uploads\/2021\/03\/Small-Wood-Crusher.jpg 720w, https:\/\/hnwoodmachine.com\/wp-content\/uploads\/2021\/03\/Small-Wood-Crusher-300x225.jpg 300w\" sizes=\"(max-width: 720px) 100vw, 720px\" \/><figcaption><\/figcaption><\/figure> <figcaption class=\"blocks-gallery-caption wp-element-caption\">Petit broyeur \u00e0 bois<\/figcaption><\/figure>    <h2 class=\"wp-block-heading\" id=\"h-movement-method-and-power-source-for-wood-shredders\">M\u00e9thode de mouvement et source d\u2019\u00e9nergie pour les broyeurs de bois<\/h2>    <h3 class=\"wp-block-heading\" id=\"h-power-sources-of-wood-crusher-machine\"><strong>Sources d'\u00e9nergie de la machine de concassage de bois<\/strong><\/h3>    <p>Nous avons deux mani\u00e8res de d\u00e9marrer la machine\u00a0:\u00a0la production d'\u00e9nergie diesel et la puissance d'un moteur \u00e9lectrique. Vous pouvez choisir celui qui vous convient le mieux.<\/p>    <figure class=\"wp-block-gallery has-nested-images columns-default is-cropped wp-block-gallery-3 is-layout-flex wp-block-gallery-is-layout-flex\"> <figure class=\"wp-block-image size-large\"><img loading=\"lazy\" decoding=\"async\" width=\"720\" height=\"540\" data-id=\"216\" src=\"https:\/\/hnwoodmachine.com\/wp-content\/uploads\/2021\/03\/Electric-Motor-Power-Machine.jpg\" alt=\"\" class=\"wp-image-216\" title=\"\" srcset=\"https:\/\/hnwoodmachine.com\/wp-content\/uploads\/2021\/03\/Electric-Motor-Power-Machine.jpg 720w, https:\/\/hnwoodmachine.com\/wp-content\/uploads\/2021\/03\/Electric-Motor-Power-Machine-300x225.jpg 300w\" sizes=\"(max-width: 720px) 100vw, 720px\" \/><figcaption><\/figcaption><\/figure>    <figure class=\"wp-block-image size-large\"><img loading=\"lazy\" decoding=\"async\" width=\"720\" height=\"540\" data-id=\"217\" src=\"https:\/\/hnwoodmachine.com\/wp-content\/uploads\/2021\/03\/Diesel-Power-Generation-Machine.jpg\" alt=\"\" class=\"wp-image-217\" title=\"\" srcset=\"https:\/\/hnwoodmachine.com\/wp-content\/uploads\/2021\/03\/Diesel-Power-Generation-Machine.jpg 720w, https:\/\/hnwoodmachine.com\/wp-content\/uploads\/2021\/03\/Diesel-Power-Generation-Machine-300x225.jpg 300w\" sizes=\"(max-width: 720px) 100vw, 720px\" \/><figcaption><\/figcaption><\/figure> <figcaption class=\"blocks-gallery-caption wp-element-caption\">Machine \u00e0 moteur \u00e9lectrique (gauche) et machine de g\u00e9n\u00e9ration d'\u00e9nergie diesel (droite)<\/figcaption><\/figure>    <p>Du point de vue de la s\u00e9curit\u00e9, nous vous sugg\u00e9rons d'avoir\u00a0une armoire de contr\u00f4le de tension si la puissance de la machine que vous choisissez d\u00e9passe 22\u00a0kw. Nous avons \u00e9galement des convoyeurs \u00e0 vendre !<\/p>    <h3 class=\"wp-block-heading\" id=\"h-wheels-of-wood-crusher-machine\"><strong>Roues de la machine de concassage de bois<\/strong><\/h3>    <p>Nous avons diff\u00e9rents types de roues et nous pouvons \u00e9galement fabriquer des roues selon vos souhaits. Ici, j'en poste quelques-uns. De plus, ce n\u2019est pas grave si vous ne souhaitez pas avoir les roues. Nous disposons \u00e9galement de machines sans roues mais avec bases fixes, et vous pouvez les placer o\u00f9 vous le souhaitez.<\/p>    <h2 class=\"wp-block-heading\" id=\"h-star-product-big-size-wood-crusher-machine\">Produit vedette \u2014 Machine de concassage de bois de grande taille<\/h2>    <p class=\"translation-block\"><strong><span class=\"has-inline-color has-vivid-red-color\">La Grande Machine \u00e0 Broyer le Bois SE VEND BIEN !<\/span><\/strong><\/p>    <p>Un grand nombre de clients choisissent les grands broyeurs de bois (Mod\u00e8le\u2265900). Voici le d\u00e9tail de nos produits vedettes.<\/p>    <h3 class=\"wp-block-heading\" id=\"h-basic-information-of-the-big-size-shredders\">Informations de base sur les broyeurs de grande taille<\/h3>    <p>Ce type de grande machine de broyage de bois est le produit principal d\u2019aujourd\u2019hui. La puissance et le rendement sont bien sup\u00e9rieurs au peu.<\/p>    <p>Le plus gros peut aider \u00e0 broyer un grand nombre de mati\u00e8res premi\u00e8res, tous peuvent traiter des mat\u00e9riaux en peu de temps.<\/p>    <figure class=\"wp-block-image size-large\"><img loading=\"lazy\" decoding=\"async\" width=\"720\" height=\"540\" src=\"https:\/\/hnwoodmachine.com\/wp-content\/uploads\/2021\/03\/Large-Model-Wood-Shredder-is-Waiting-for-Shipping-1.jpg\" alt=\"\" class=\"wp-image-220\" title=\"\" srcset=\"https:\/\/hnwoodmachine.com\/wp-content\/uploads\/2021\/03\/Large-Model-Wood-Shredder-is-Waiting-for-Shipping-1.jpg 720w, https:\/\/hnwoodmachine.com\/wp-content\/uploads\/2021\/03\/Large-Model-Wood-Shredder-is-Waiting-for-Shipping-1-300x225.jpg 300w\" sizes=\"(max-width: 720px) 100vw, 720px\" \/><figcaption class=\"wp-element-caption\">Le broyeur de bois grand mod\u00e8le est en attente d'exp\u00e9dition<\/figcaption><\/figure>    <h3 class=\"wp-block-heading\" id=\"h-why-you-choose-our-wood-shredders\"><strong>Pourquoi choisir nos broyeurs de bois ?<\/strong><\/h3>    <p>Notre broyeur de bois pr\u00e9sente un faible investissement, une faible consommation d'\u00e9nergie, une productivit\u00e9 \u00e9lev\u00e9e, de bons avantages \u00e9conomiques et une utilisation et un entretien pratiques. Et nous avons \u00e9galement d'autres avantages, c'est une sorte d'\u00e9quipement sp\u00e9cial pour le d\u00e9veloppement de la production de champignons comestibles ou la production de mat\u00e9riaux de panneaux \u00e0 haute densit\u00e9 pour les panneaux de particules et les panneaux de sciure de bois.<\/p>    <h3 class=\"wp-block-heading\" id=\"h-cases-of-big-size-wood-shredder-machine\">Cas de broyeur de bois de grande taille<\/h3>    <p>R\u00e9cemment, un homme d'affaires de Duba\u00ef nous a command\u00e9 un grand broyeur de bois WD-1000. Au d\u00e9but, il pensait observer de pr\u00e8s les machines de notre usine. Il a d\u00fb abandonner cette id\u00e9e \u00e0 cause du COVID-19. nous lui avons dit que nous aurions en direct pour pr\u00e9senter notre usine et notre broyeur de bois en d\u00e9tail, il s'est senti heureux et a regard\u00e9 le direct \u00e0 l'heure. <\/p>    <p>Lors de la diffusion en direct, il a \u00e9t\u00e9 profond\u00e9ment attir\u00e9 par nos produits. Plus tard, nous savons qu'il travaillait dans un jardin et qu'il avait chaque ann\u00e9e un grand nombre de branches \u00e0 broyer. Avec ce broyeur de bois, il y mettait les branches et r\u00e9cup\u00e9rait la sciure plus tard. Ensuite, la sciure de bois a \u00e9t\u00e9 vendue \u00e0 une industrie papeti\u00e8re, ce qui lui a permis de gagner plus d'argent qu'auparavant.<\/p>    <figure class=\"wp-block-image size-large\"><img loading=\"lazy\" decoding=\"async\" width=\"720\" height=\"540\" src=\"https:\/\/hnwoodmachine.com\/wp-content\/uploads\/2021\/03\/Large-wood-crushers-are-ready-to-be-shipped-to-Dubai.jpg\" alt=\"\" class=\"wp-image-211\" title=\"\" srcset=\"https:\/\/hnwoodmachine.com\/wp-content\/uploads\/2021\/03\/Large-wood-crushers-are-ready-to-be-shipped-to-Dubai.jpg 720w, https:\/\/hnwoodmachine.com\/wp-content\/uploads\/2021\/03\/Large-wood-crushers-are-ready-to-be-shipped-to-Dubai-300x225.jpg 300w\" sizes=\"(max-width: 720px) 100vw, 720px\" \/><figcaption class=\"wp-element-caption\">Un grand broyeur de bois est pr\u00eat \u00e0 \u00eatre exp\u00e9di\u00e9 \u00e0 Duba\u00ef<\/figcaption><\/figure>    <h2 class=\"wp-block-heading\" id=\"h-technical-data-of-the-wood-crushers\">Donn\u00e9es techniques des broyeurs de bois<\/h2>    <figure class=\"wp-block-table\"><table><tbody><tr><td>Mod\u00e8le<\/td><td>Pouvoir<\/td><td>Sortie (T)<\/td><td>Tissu d'\u00e9cran<\/td><\/tr><tr><td>WD-420<\/td><td>7.5-11<\/td><td>0.5<\/td><td>50<\/td><\/tr><tr><td>WD-500<\/td><td>18.5<\/td><td>1<\/td><td>60<\/td><\/tr><tr><td>WD-600<\/td><td>30<\/td><td>1.5<\/td><td>100<\/td><\/tr><tr><td>WD-450<\/td><td>11<\/td><td>0.8<\/td><td>&nbsp;<\/td><\/tr><tr><td>WD-700<\/td><td>37<\/td><td>25<\/td><td>150<\/td><\/tr><tr><td>WD-900<\/td><td>55<\/td><td>1.5-3.5<\/td><td>300<\/td><\/tr><tr><td>WD-1000<\/td><td>75+7.5<\/td><td>3.5<\/td><td>400<\/td><\/tr><tr><td>WD-1200<\/td><td>90<\/td><td>5.5<\/td><td>600<\/td><\/tr><tr><td>WD-1500<\/td><td>110<\/td><td>7.5<\/td><td>800<\/td><\/tr><tr><td>WD-1800<\/td><td>132<\/td><td>11.5<\/td><td><\/td><\/tr><\/tbody><\/table><figcaption class=\"wp-element-caption\">Mod\u00e8le de produit et informations associ\u00e9es<\/figcaption><\/figure>    <p>Dans ce tableau, les machines de taille 420 \u00e0 taille 700 sont nomm\u00e9es en fonction du diam\u00e8tre de la t\u00eate de coupe et les autres ne le sont pas.<\/p>    <h3 class=\"wp-block-heading\" id=\"h-the-price-of-wood-shredders\">Le prix des broyeurs de bois<\/h3>    <p>Le prix d\u2019une d\u00e9chiqueteuse \u00e0 bois d\u00e9pend du composant de la machine. Par exemple, la plus grande machine a besoin de plus de lames, donc leur prix est un peu plus \u00e9lev\u00e9 que celui de la petite. Si vous souhaitez conna\u00eetre plus de d\u00e9tails sur le prix, vous pouvez nous contacter.<\/p>    <h2 class=\"wp-block-heading\" id=\"h-attention-points-of-wood-crushers\">Points d'attention des broyeurs de bois<\/h2>    <p>Voici quelques conseils de fonctionnement importants que vous devez conna\u00eetre.<\/p>    <h3 class=\"wp-block-heading\" id=\"h-how-to-test-the-machine-if-it-works-well-after-installation\"><strong>Comment tester la machine si elle fonctionne bien apr\u00e8s l'installation ?<\/strong><\/h3>    <p>1.\u00a0Mettez le courant et v\u00e9rifiez si la direction est correcte.<\/p>    <p>2. Lors de l'installation et du changement du couteau, \u00e9tendez le tranchant du couteau de 2 \u00e0 4 mm du plan de la plaque de coupe, puis serrez le boulon. Si la boucle filet\u00e9e du boulon de pression s'av\u00e8re us\u00e9e, elle doit \u00eatre remplac\u00e9e imm\u00e9diatement pour \u00e9viter que l'\u00e9crou du disque du couteau ne glisse.<\/p>    <p>3. Changez le degr\u00e9 d'\u00e9tirement du couteau, il doit avoir la m\u00eame longueur de couteau d'\u00e9tirement.<\/p>    <p>4. Selon la longueur du couteau, les particules ne peuvent pas atteindre l'id\u00e9al, changez les diff\u00e9rentes tailles de pores du rottweiler.<\/p>    <p>5. Il est strictement interdit de mettre du bois avec des pierres et des clous dans la machine pour \u00e9viter d'endommager le couteau et la partie int\u00e9rieure.<\/p>    <p>6. Faites attention \u00e0 v\u00e9rifier le boulon du marteau, trouv\u00e9 desserr\u00e9, serrez-le imm\u00e9diatement, le marteau et le boulon s'usent s\u00e9rieusement, doivent \u00eatre remplac\u00e9s.<\/p>    <p>7. L'angle d'aff\u00fbtage est de 28 \u00e0 30 degr\u00e9s, il est strictement interdit de meuler une surface convexe, la surface convexe provoquera la rupture de la lame en acier ou le d\u00e9collement partiel de l'acier.<\/p>    <p>8. Les machines fr\u00e9quemment utilis\u00e9es doivent \u00eatre v\u00e9rifi\u00e9es pour d\u00e9celer le manque de beurre de roulement. Le beurre doit \u00eatre ajout\u00e9 pendant 3 \u00e0 4 heures, pas trop.<\/p>    <h3 class=\"wp-block-heading\" id=\"h-maintenance-of-wood-crusher-machine\"><strong>Entretien de la machine de concassage de bois<\/strong><\/h3>    <p>1. Le roulement doit \u00eatre rempli de beurre en temps opportun. Le roulement doit \u00eatre rempli de beurre toutes les 3 \u00e0 4 heures pour un fonctionnement continu.<\/p>    <p>2. Apr\u00e8s avoir utilis\u00e9 la ceinture triangulaire pendant un certain temps, le serrage doit \u00eatre \u00e0 nouveau ajust\u00e9 et il est conseill\u00e9 de diminuer de 6 \u00e0 10 mm.<\/p>    <p>3. Nettoyez la machine tous les jours apr\u00e8s le travail, v\u00e9rifiez s'il y a des fissures ou d'autres probl\u00e8mes et r\u00e9parez la machine \u00e0 temps.<\/p>    <h3 class=\"wp-block-heading\" id=\"h-common-problems-solutions\">Probl\u00e8mes courants et solutions\u00a0:<\/h3>    <p>1. La lame n'est pas bien ajust\u00e9e, coupez les particules de sciure de bois, r\u00e9paration de la lame, difficult\u00e9 d'alimentation, l'usure de la lame n'est pas tranchante.<\/p>    <p>2. Le jeu du couteau fixe est trop petit ou trop grand. R\u00e9parez et aff\u00fbtez la lame.<\/p>    <p>3. Ajustez le jeu du couteau fixe de 2 \u00e0 3 mm.<\/p>    <p>4. L'angle de la lame ne doit pas \u00eatre sup\u00e9rieur \u00e0 30 \u00b0, surcharge de charge, alimentation trop rapide et in\u00e9gale.<\/p>    <p>5. La lame n'est pas tranchante, r\u00e9duisez la vitesse d'alimentation.<\/p>    <p>6. Chauffage du roulement de lame poli.<\/p>    <p>7. Pas de beurre dans le si\u00e8ge du roulement.<\/p>    <p>8. Le si\u00e8ge du roulement n'est pas install\u00e9 \u00e0 plat.<\/p>    <p>9. Dommages aux roulements | La courroie est trop serr\u00e9e avec du beurre.<\/p>    <p>10. Balance d\u2019alignement du socle de roulement.<\/p>    <p>11. Nouveaux roulements | Ajustez le serrage de la ceinture.<\/p>","protected":false},"excerpt":{"rendered":"<p>Wood crusher machine also called branch shredder machine, sawdust wood crusher machine and wood cutting crusher machine. By wood crush machine, you can cut lots of hard and soft raw materials like branches, logs, plywood, thatch, corn stalk and so on. Then you get the final products which can be used in making charcoal, re-process [&hellip;]<\/p>\n","protected":false},"author":1,"featured_media":0,"parent":0,"menu_order":0,"comment_status":"open","ping_status":"closed","template":"","meta":{"_kad_blocks_custom_css":"","_kad_blocks_head_custom_js":"","_kad_blocks_body_custom_js":"","_kad_blocks_footer_custom_js":"","footnotes":""},"class_list":["post-200","page","type-page","status-publish","hentry"],"taxonomy_info":[],"featured_image_src_large":false,"author_info":{"display_name":"HN-WOOD","author_link":"https:\/\/hnwoodmachine.com\/fr\/author\/woodmachine\/"},"comment_info":0,"_links":{"self":[{"href":"https:\/\/hnwoodmachine.com\/fr\/wp-json\/wp\/v2\/pages\/200","targetHints":{"allow":["GET"]}}],"collection":[{"href":"https:\/\/hnwoodmachine.com\/fr\/wp-json\/wp\/v2\/pages"}],"about":[{"href":"https:\/\/hnwoodmachine.com\/fr\/wp-json\/wp\/v2\/types\/page"}],"author":[{"embeddable":true,"href":"https:\/\/hnwoodmachine.com\/fr\/wp-json\/wp\/v2\/users\/1"}],"replies":[{"embeddable":true,"href":"https:\/\/hnwoodmachine.com\/fr\/wp-json\/wp\/v2\/comments?post=200"}],"version-history":[{"count":0,"href":"https:\/\/hnwoodmachine.com\/fr\/wp-json\/wp\/v2\/pages\/200\/revisions"}],"wp:attachment":[{"href":"https:\/\/hnwoodmachine.com\/fr\/wp-json\/wp\/v2\/media?parent=200"}],"curies":[{"name":"wp","href":"https:\/\/api.w.org\/{rel}","templated":true}]}}