{"id":9,"date":"2021-03-18T05:44:13","date_gmt":"2021-03-18T05:44:13","guid":{"rendered":"https:\/\/hnwoodmachine.com\/?page_id=9"},"modified":"2024-04-23T10:15:35","modified_gmt":"2024-04-23T02:15:35","slug":"about","status":"publish","type":"page","link":"https:\/\/hnwoodmachine.com\/es\/about\/","title":{"rendered":"Acerca de"},"content":{"rendered":"<div data-elementor-type=\"wp-page\" data-elementor-id=\"9\" class=\"elementor elementor-9\" data-elementor-post-type=\"page\"> \t\t\t\t<div class=\"elementor-element elementor-element-c4cd758 e-con-full e-flex e-con e-parent\" data-id=\"c4cd758\" data-element_type=\"container\" data-e-type=\"container\" data-settings=\"{&quot;background_background&quot;:&quot;classic&quot;}\"> \t\t\t\t<\/div> \t\t<div class=\"elementor-element elementor-element-d7abce6 e-con-full e-flex e-con e-parent\" data-id=\"d7abce6\" data-element_type=\"container\" data-e-type=\"container\"> \t\t\t\t<div class=\"elementor-element elementor-element-0057b8f elementor-position-top elementor-widget elementor-widget-image-box\" data-id=\"0057b8f\" data-element_type=\"widget\" data-e-type=\"widget\" data-widget_type=\"image-box.default\"> \t\t\t\t\t<div class=\"elementor-image-box-wrapper\"><figure class=\"elementor-image-box-img\"><img decoding=\"async\" width=\"70\" height=\"71\" src=\"https:\/\/hnwoodmachine.com\/wp-content\/uploads\/2021\/03\/icon-1-1.png\" class=\"attachment-full size-full wp-image-128\" alt=\"\" title=\"\"><\/figure><div class=\"elementor-image-box-content\"><h3 class=\"elementor-image-box-title\">personalizaci\u00f3n<\/h3><p class=\"elementor-image-box-description\">Personaliza la soluci\u00f3n a tus necesidades<\/p><\/div><\/div>\t\t\t\t<\/div> \t\t\t\t<div class=\"elementor-element elementor-element-6a2e3b6 elementor-position-top elementor-widget elementor-widget-image-box\" data-id=\"6a2e3b6\" data-element_type=\"widget\" data-e-type=\"widget\" data-widget_type=\"image-box.default\"> \t\t\t\t\t<div class=\"elementor-image-box-wrapper\"><figure class=\"elementor-image-box-img\"><img decoding=\"async\" width=\"70\" height=\"67\" src=\"https:\/\/hnwoodmachine.com\/wp-content\/uploads\/2021\/03\/icon3.png\" class=\"attachment-full size-full wp-image-129\" alt=\"\" title=\"\"><\/figure><div class=\"elementor-image-box-content\"><h3 class=\"elementor-image-box-title\"> apoyo t\u00e9cnico<\/h3><p class=\"elementor-image-box-description\">Brinde soporte en cualquier momento y en cualquier lugar.<\/p><\/div><\/div>\t\t\t\t<\/div> \t\t\t\t<div class=\"elementor-element elementor-element-c2ee7cc elementor-position-top elementor-widget elementor-widget-image-box\" data-id=\"c2ee7cc\" data-element_type=\"widget\" data-e-type=\"widget\" data-widget_type=\"image-box.default\"> \t\t\t\t\t<div class=\"elementor-image-box-wrapper\"><figure class=\"elementor-image-box-img\"><img decoding=\"async\" width=\"70\" height=\"69\" src=\"https:\/\/hnwoodmachine.com\/wp-content\/uploads\/2021\/03\/icon2.png\" class=\"attachment-full size-full wp-image-130\" alt=\"\" title=\"\"><\/figure><div class=\"elementor-image-box-content\"><h3 class=\"elementor-image-box-title\">dise\u00f1o cient\u00edfico<\/h3><p class=\"elementor-image-box-description\">Alta calidad, alta eficiencia<\/p><\/div><\/div>\t\t\t\t<\/div> \t\t\t\t<div class=\"elementor-element elementor-element-1edfe76 elementor-position-top elementor-widget elementor-widget-image-box\" data-id=\"1edfe76\" data-element_type=\"widget\" data-e-type=\"widget\" data-widget_type=\"image-box.default\"> \t\t\t\t\t<div class=\"elementor-image-box-wrapper\"><figure class=\"elementor-image-box-img\"><img loading=\"lazy\" decoding=\"async\" width=\"72\" height=\"73\" src=\"https:\/\/hnwoodmachine.com\/wp-content\/uploads\/2021\/03\/icon4.png\" class=\"attachment-full size-full wp-image-131\" alt=\"\" title=\"\"><\/figure><div class=\"elementor-image-box-content\"><h3 class=\"elementor-image-box-title\">garant\u00eda de por vida<\/h3><p class=\"elementor-image-box-description\">Nos adherimos al servicio primero,<br> no haga negocios de una sola vez.<\/p><\/div><\/div>\t\t\t\t<\/div> \t\t\t\t<\/div> \t\t<div class=\"elementor-element elementor-element-69f2d41 e-con-full e-flex e-con e-parent\" data-id=\"69f2d41\" data-element_type=\"container\" data-e-type=\"container\" data-settings=\"{&quot;background_background&quot;:&quot;none&quot;}\"> \t\t<div class=\"elementor-element elementor-element-5a3871b e-con-full e-flex e-con e-child\" data-id=\"5a3871b\" data-element_type=\"container\" data-e-type=\"container\" data-settings=\"{&quot;background_background&quot;:&quot;classic&quot;}\"> \t\t\t\t<div class=\"elementor-element elementor-element-09393e7 elementor-widget elementor-widget-heading\" data-id=\"09393e7\" data-element_type=\"widget\" data-e-type=\"widget\" data-widget_type=\"heading.default\"> \t\t\t\t\t<h2 class=\"elementor-heading-title elementor-size-large\">Introducci\u00f3n de la Compa\u00f1\u00eda<\/h2>\t\t\t\t<\/div> \t\t\t\t<div class=\"elementor-element elementor-element-cedf3b3 elementor-widget-divider--view-line elementor-widget elementor-widget-divider\" data-id=\"cedf3b3\" data-element_type=\"widget\" data-e-type=\"widget\" data-widget_type=\"divider.default\"> \t\t\t\t\t\t\t<div class=\"elementor-divider\"> \t\t\t<span class=\"elementor-divider-separator\"> \t\t\t\t\t\t<\/span> \t\t<\/div> \t\t\t\t\t\t<\/div> \t\t\t\t<div class=\"elementor-element elementor-element-448f3d0 elementor-widget elementor-widget-text-editor\" data-id=\"448f3d0\" data-element_type=\"widget\" data-e-type=\"widget\" data-widget_type=\"text-editor.default\"> \t\t\t\t\t\t\t\t\t<p>Henan Wood Machinery es un fabricante y proveedor de maquinaria de primer nivel con una trayectoria de d\u00e9cadas. Es una empresa innovadora que integra dise\u00f1o, I+D, producci\u00f3n, ventas y servicio con una cadena industrial completa. En el campo de las trituradoras, dominamos la tecnolog\u00eda avanzada y contamos con una rica experiencia. Con las ventajas de la tecnolog\u00eda y la alta calidad de los productos, nuestra m\u00e1quina procesadora de madera ha ganado elogios un\u00e1nimes de los consumidores.<\/p>\t\t\t\t\t\t\t\t<\/div> \t\t\t\t<\/div> \t\t<div class=\"elementor-element elementor-element-2b3f634 e-con-full e-flex e-con e-child\" data-id=\"2b3f634\" data-element_type=\"container\" data-e-type=\"container\" data-settings=\"{&quot;background_background&quot;:&quot;classic&quot;}\"> \t\t\t\t<div class=\"elementor-element elementor-element-0c0419d elementor-widget elementor-widget-spacer\" data-id=\"0c0419d\" data-element_type=\"widget\" data-e-type=\"widget\" data-widget_type=\"spacer.default\"> \t\t\t\t\t\t\t<div class=\"elementor-spacer\"> \t\t\t<div class=\"elementor-spacer-inner\"><\/div> \t\t<\/div> \t\t\t\t\t\t<\/div> \t\t\t\t<\/div> \t\t\t\t<\/div> \t\t<div class=\"elementor-element elementor-element-ea33937 e-con-full e-flex e-con e-parent\" data-id=\"ea33937\" data-element_type=\"container\" data-e-type=\"container\" data-settings=\"{&quot;background_background&quot;:&quot;classic&quot;}\"> \t\t<div class=\"elementor-element elementor-element-e621ac0 e-con-full e-flex e-con e-child\" data-id=\"e621ac0\" data-element_type=\"container\" data-e-type=\"container\" data-settings=\"{&quot;background_background&quot;:&quot;classic&quot;}\"> \t\t\t\t<div class=\"elementor-element elementor-element-bdb4c16 elementor-widget elementor-widget-spacer\" data-id=\"bdb4c16\" data-element_type=\"widget\" data-e-type=\"widget\" data-widget_type=\"spacer.default\"> \t\t\t\t\t\t\t<div class=\"elementor-spacer\"> \t\t\t<div class=\"elementor-spacer-inner\"><\/div> \t\t<\/div> \t\t\t\t\t\t<\/div> \t\t\t\t<\/div> \t\t<div class=\"elementor-element elementor-element-0e86d4a e-con-full e-flex e-con e-child\" data-id=\"0e86d4a\" data-element_type=\"container\" data-e-type=\"container\" data-settings=\"{&quot;background_background&quot;:&quot;classic&quot;}\"> \t\t\t\t<div class=\"elementor-element elementor-element-aaf62e3 elementor-widget elementor-widget-heading\" data-id=\"aaf62e3\" data-element_type=\"widget\" data-e-type=\"widget\" data-widget_type=\"heading.default\"> \t\t\t\t\t<h2 class=\"elementor-heading-title elementor-size-large\">Servicio primordial <\/h2>\t\t\t\t<\/div> \t\t\t\t<div class=\"elementor-element elementor-element-4c5839d elementor-widget-divider--view-line elementor-widget elementor-widget-divider\" data-id=\"4c5839d\" data-element_type=\"widget\" data-e-type=\"widget\" data-widget_type=\"divider.default\"> \t\t\t\t\t\t\t<div class=\"elementor-divider\"> \t\t\t<span class=\"elementor-divider-separator\"> \t\t\t\t\t\t<\/span> \t\t<\/div> \t\t\t\t\t\t<\/div> \t\t\t\t<div class=\"elementor-element elementor-element-4a5bb95 elementor-widget elementor-widget-text-editor\" data-id=\"4a5bb95\" data-element_type=\"widget\" data-e-type=\"widget\" data-widget_type=\"text-editor.default\"> \t\t\t\t\t\t\t\t\t<p>Adem\u00e1s, la empresa no solo ofrece a los clientes productos de alta calidad, sino que tambi\u00e9n ofrece un servicio de primera clase y soporte y soluciones eficaces. Con muchos a\u00f1os de experiencia en fabricaci\u00f3n y ventas en la industria de maquinaria, nos hemos ganado una buena reputaci\u00f3n con el concepto de servicio de \"Calidad primero, servicio supremo\" y productos de alta calidad. Es una marca reconocida en la industria de la maquinaria y, por lo tanto, se le ha otorgado el t\u00edtulo de \"Empresa que cumple con los contratos y tiene confiabilidad crediticia\" y \"Empresa avanzada de producci\u00f3n segura\".<\/p>\t\t\t\t\t\t\t\t<\/div> \t\t\t\t<\/div> \t\t\t\t<\/div> \t\t\t\t<\/div>","protected":false},"excerpt":{"rendered":"<p>customization Customize the solution to your needs technical support Provide support anytime, anywhere. Scientific design High quality, high efficiency lifetime warranty We adhere to the service first, do not do one-shot business. Company introduction Henan wood machinery is a top-level machinery manufacturer and machinery supplier who has a history of decades. It is an innovative [&hellip;]<\/p>\n","protected":false},"author":1,"featured_media":0,"parent":0,"menu_order":0,"comment_status":"closed","ping_status":"closed","template":"","meta":{"_kad_blocks_custom_css":"","_kad_blocks_head_custom_js":"","_kad_blocks_body_custom_js":"","_kad_blocks_footer_custom_js":"","footnotes":""},"class_list":["post-9","page","type-page","status-publish","hentry"],"taxonomy_info":[],"featured_image_src_large":false,"author_info":{"display_name":"HN-WOOD","author_link":"https:\/\/hnwoodmachine.com\/es\/author\/woodmachine\/"},"comment_info":0,"_links":{"self":[{"href":"https:\/\/hnwoodmachine.com\/es\/wp-json\/wp\/v2\/pages\/9","targetHints":{"allow":["GET"]}}],"collection":[{"href":"https:\/\/hnwoodmachine.com\/es\/wp-json\/wp\/v2\/pages"}],"about":[{"href":"https:\/\/hnwoodmachine.com\/es\/wp-json\/wp\/v2\/types\/page"}],"author":[{"embeddable":true,"href":"https:\/\/hnwoodmachine.com\/es\/wp-json\/wp\/v2\/users\/1"}],"replies":[{"embeddable":true,"href":"https:\/\/hnwoodmachine.com\/es\/wp-json\/wp\/v2\/comments?post=9"}],"version-history":[{"count":0,"href":"https:\/\/hnwoodmachine.com\/es\/wp-json\/wp\/v2\/pages\/9\/revisions"}],"wp:attachment":[{"href":"https:\/\/hnwoodmachine.com\/es\/wp-json\/wp\/v2\/media?parent=9"}],"curies":[{"name":"wp","href":"https:\/\/api.w.org\/{rel}","templated":true}]}}