{"id":200,"date":"2022-12-07T02:53:03","date_gmt":"2022-12-07T02:53:03","guid":{"rendered":"https:\/\/hnwoodmachine.com\/?page_id=200"},"modified":"2022-12-07T02:53:05","modified_gmt":"2022-12-07T02:53:05","slug":"wood-crusher-sawdust-wood-shredder-branch-shredder","status":"publish","type":"page","link":"https:\/\/hnwoodmachine.com\/es\/wood-crusher-sawdust-wood-shredder-branch-shredder\/","title":{"rendered":"Trituradora de madera | Trituradora de madera de aserr\u00edn | Trituradora de ramas"},"content":{"rendered":"<p>M\u00e1quina trituradora de madera tambi\u00e9n llamada m\u00e1quina trituradora de ramas, m\u00e1quina trituradora de madera de aserr\u00edn y m\u00e1quina trituradora de corte de madera. Con la m\u00e1quina trituradora de madera, puede cortar muchas materias primas duras y blandas como ramas, troncos, madera contrachapada, paja, tallos de ma\u00edz, etc. Luego se obtienen los productos finales que se pueden utilizar para fabricar carb\u00f3n vegetal, reprocesarlos y fabricar pellets.<\/p>    <h2 class=\"wp-block-heading\" id=\"h-brief-introduction-of-the-wood-crusher-machine\"><strong>Breve introducci\u00f3n de la m\u00e1quina trituradora de madera<\/strong><\/h2>    <p>Nuestras trituradoras de madera se utilizan normalmente para reciclar residuos de madera. En esta parte, discutir\u00e9 la estructura de la m\u00e1quina y c\u00f3mo funciona, y explicar\u00e9 su gama de materias primas.<\/p>    <h3 class=\"wp-block-heading\" id=\"h-structure-of-machine-and-manner-of-working\">Estructura de la m\u00e1quina y forma de trabajar.<\/h3>    <p>La m\u00e1quina trituradora de madera tambi\u00e9n se llama trituradora de madera y pertenece a los productos de procesamiento de madera. La trituradora de madera se compone principalmente de una base, una entrada de alimentaci\u00f3n, una salida, un cabezal cortador, una criba, un martillo y una cuchilla de corte. La m\u00e1quina de gran tama\u00f1o tambi\u00e9n tiene un control el\u00e9ctrico.<\/p>    <figure class=\"wp-block-image size-large\"><img fetchpriority=\"high\" decoding=\"async\" width=\"1012\" height=\"601\" src=\"https:\/\/hnwoodmachine.com\/wp-content\/uploads\/2021\/03\/Route-Chart-of-Wood-Crusher-Machine.jpg\" alt=\"\" class=\"wp-image-212\" title=\"\" srcset=\"https:\/\/hnwoodmachine.com\/wp-content\/uploads\/2021\/03\/Route-Chart-of-Wood-Crusher-Machine.jpg 1012w, https:\/\/hnwoodmachine.com\/wp-content\/uploads\/2021\/03\/Route-Chart-of-Wood-Crusher-Machine-300x178.jpg 300w, https:\/\/hnwoodmachine.com\/wp-content\/uploads\/2021\/03\/Route-Chart-of-Wood-Crusher-Machine-768x456.jpg 768w\" sizes=\"(max-width: 1012px) 100vw, 1012px\" \/><figcaption class=\"wp-element-caption\"><br>Diagrama de ruta de la madera <\/figcaption><\/figure>    <p>En primer lugar, las materias primas se colocan en las entradas de alimentaci\u00f3n, luego el martillo y la cuchilla de corte procesar\u00e1n los materiales a alta velocidad. Despu\u00e9s de unos segundos, el aserr\u00edn saldr\u00e1 por la salida.<\/p>    <figure class=\"wp-block-image size-large\"><img decoding=\"async\" width=\"720\" height=\"540\" src=\"https:\/\/hnwoodmachine.com\/wp-content\/uploads\/2021\/03\/Internal-Machine-Structure.jpg\" alt=\"\" class=\"wp-image-214\" title=\"\" srcset=\"https:\/\/hnwoodmachine.com\/wp-content\/uploads\/2021\/03\/Internal-Machine-Structure.jpg 720w, https:\/\/hnwoodmachine.com\/wp-content\/uploads\/2021\/03\/Internal-Machine-Structure-300x225.jpg 300w\" sizes=\"(max-width: 720px) 100vw, 720px\" \/><figcaption class=\"wp-element-caption\">Estructura interna de la m\u00e1quina<\/figcaption><\/figure>    <h3 class=\"wp-block-heading\" id=\"h-raw-materials-for-wood-crusher-machine\">Materias primas para la m\u00e1quina trituradora de madera<\/h3>    <figure class=\"wp-block-table\"><table><tbody><tr><td>Materias primas duras<\/td><td>Materias primas blandas<\/td><\/tr><tr><td>Madera dura, bamb\u00fa en bruto, madera de pino, madera diversa, madera de \u00e1lamo, abeto, etc.<\/td><td>Madera blanda, tableros de part\u00edculas, madera contrachapada, paja, tallos de ma\u00edz, tallos de sorgo, etc.<\/td><\/tr><\/tbody><\/table><figcaption class=\"wp-element-caption\">Materias primas de la m\u00e1quina trituradora de madera<\/figcaption><\/figure>    <figure class=\"wp-block-image size-large\"><img decoding=\"async\" width=\"720\" height=\"540\" src=\"https:\/\/hnwoodmachine.com\/wp-content\/uploads\/2021\/03\/Long-Neck-Wood-Crusher.jpg\" alt=\"\" class=\"wp-image-215\" title=\"\" srcset=\"https:\/\/hnwoodmachine.com\/wp-content\/uploads\/2021\/03\/Long-Neck-Wood-Crusher.jpg 720w, https:\/\/hnwoodmachine.com\/wp-content\/uploads\/2021\/03\/Long-Neck-Wood-Crusher-300x225.jpg 300w\" sizes=\"(max-width: 720px) 100vw, 720px\" \/><figcaption class=\"wp-element-caption\"><br>Trituradora de madera de cuello largo <\/figcaption><\/figure>    <h2 class=\"wp-block-heading\" id=\"h-information-of-wood-shredders-process-finished-product\">Informaci\u00f3n del producto terminado del proceso de trituradoras de madera<\/h2>    <p>Como sabemos, diferentes productos procesados \u200b\u200btienen diferentes usos. En esta parte obtendr\u00e1 m\u00e1s informaci\u00f3n sobre c\u00f3mo utilizar los productos procesados \u200b\u200by c\u00f3mo afecta el tama\u00f1o del rendimiento al n\u00famero de producci\u00f3n.<\/p>    <h3 class=\"wp-block-heading\" id=\"h-the-role-of-the-materials-produces-by-the-wood-shredders\">El papel de los materiales producidos por las trituradoras de madera.<\/h3>    <p>1. Los materiales de 3 a 5 mm (principalmente polvo) se pueden convertir en carb\u00f3n.<\/p>    <p>2. El producto terminado de 8 mm a 1 cm se puede utilizar como medio de cultivo (como por ejemplo: medio de cultivo para hongos comestibles).<\/p>    <p>3. Reprocesar, luego vender o reutilizar, como madera, tableros de part\u00edculas, etc.<\/p>    <p>4. Hecho en pellets<\/p>    <div class=\"wp-block-columns is-layout-flex wp-container-core-columns-is-layout-28f84493 wp-block-columns-is-layout-flex\"> <div class=\"wp-block-column is-layout-flow wp-block-column-is-layout-flow\" style=\"flex-basis:100%\"> <figure class=\"wp-block-image size-large\"><img loading=\"lazy\" decoding=\"async\" width=\"720\" height=\"540\" src=\"https:\/\/hnwoodmachine.com\/wp-content\/uploads\/2021\/03\/Final-Products-of-Branch-Crusher.jpg\" alt=\"\" class=\"wp-image-219\" title=\"\" srcset=\"https:\/\/hnwoodmachine.com\/wp-content\/uploads\/2021\/03\/Final-Products-of-Branch-Crusher.jpg 720w, https:\/\/hnwoodmachine.com\/wp-content\/uploads\/2021\/03\/Final-Products-of-Branch-Crusher-300x225.jpg 300w\" sizes=\"(max-width: 720px) 100vw, 720px\" \/><figcaption class=\"wp-element-caption\">Productos finales de la trituradora de ramas.<\/figcaption><\/figure> <\/div> <\/div>    <h3 class=\"wp-block-heading\" id=\"h-the-relationship-between-wood-crusher-machine-s-sieve-and-yield\">La relaci\u00f3n entre el tamiz y el rendimiento de la m\u00e1quina trituradora de madera<\/h3>    <p>El tama\u00f1o de la malla de la criba afecta directamente el espesor del producto procesado. Cuanto menor sea el di\u00e1metro del orificio de la pantalla, menor ser\u00e1 el tama\u00f1o de salida y menor el n\u00famero de salida.<\/p>    <h2 class=\"wp-block-heading\" id=\"h-characteristics-of-wood-shredder-machine\"><strong>Caracter\u00edsticas de la m\u00e1quina trituradora de madera<\/strong><\/h2>    <h3 class=\"wp-block-heading\" id=\"h-basic-information-of-accessories-for-wood-crusher-machine\"><strong>&nbsp;Informaci\u00f3n b\u00e1sica de accesorios para m\u00e1quina trituradora de madera.<\/strong><\/h3>    <figure class=\"wp-block-table\"><table><tbody><tr><td><strong>Accesorios<\/strong><strong><\/strong><\/td><td><strong>Material<\/strong><strong><\/strong><\/td><\/tr><tr><td><strong>Cuchilla<\/strong><strong><\/strong><\/td><td><strong>Aleaci\u00f3n de acero<\/strong><strong><\/strong><\/td><\/tr><tr><td><strong>Martillo<\/strong><strong><\/strong><\/td><td><strong>Acero al Manganeso No. 65<\/strong><strong><\/strong><\/td><\/tr><tr><td><strong>Tamiz<\/strong><strong><\/strong><\/td><td><strong>Acero al manganeso<\/strong><strong><\/strong><\/td><\/tr><\/tbody><\/table><figcaption class=\"wp-element-caption\">Material del cuerpo de la trituradora de madera<\/figcaption><\/figure>    <h3 class=\"wp-block-heading\" id=\"h-notes-for-wood-shredders-cutting-blades-and-cutterheads\">Notas sobre las cuchillas y cabezales de corte de las trituradoras de madera<\/h3>    <p id=\"h-after-3-months-you-are-supposed-to-replace-the-blades-although-the-quality-of-our-machine-is-high-to-keep-the-machine-working-efficiently-and-the-output-of-the-product-you-can-sharpen-the-blades-often-our-company-also-offer-a-sharpener-you-can-sharpen-the-blades-by-it-since-it-is-vulnerable-you-can-buy-more-blades-for-replacement\">Despu\u00e9s de 3 meses, se supone que debes reemplazar las cuchillas. Aunque la calidad de nuestra m\u00e1quina es alta, para mantener la m\u00e1quina funcionando eficientemente y la producci\u00f3n del producto, puede afilar las cuchillas con frecuencia. Nuestra empresa tambi\u00e9n ofrece un afilador con el que puede afilar las cuchillas. Como es vulnerable, puedes comprar m\u00e1s cuchillas para reemplazarlas.<\/p>    <p>Para cambiar la part\u00edcula, es necesario cambiar el luo y ajustar la cuchilla simult\u00e1neamente. El orificio no debe tener menos de 14 mm (di\u00e1metro), no m\u00e1s de 20 mm (di\u00e1metro), la longitud de la cuchilla debe estar entre 3 y 6 mm y el espacio entre la placa inferior de la cuchilla y la cuchilla no debe ser superior a 1 mm.<\/p>    <h3 class=\"wp-block-heading\">Notas para los puertos de alimentaci\u00f3n de la m\u00e1quina trituradora de madera:<\/h3>    <p>1. La elecci\u00f3n del tama\u00f1o de las entradas de alimento se basa en el ancho de las materias primas. Hay dos tipos de entradas de alimentaci\u00f3n en nuestras m\u00e1quinas trituradoras de madera y desempe\u00f1an funciones diferentes cuando las m\u00e1quinas est\u00e1n funcionando. El m\u00e1s ancho (derecha) se adapta a las materias primas blandas y a las materias primas de tama\u00f1o peque\u00f1o. Por ejemplo, puede colocar materiales como astillas de madera, pasto y paja en esta entrada de alimento. El otro (izquierda) es totalmente diferente a \u00e9l. hay una placa para cuchillos inferior con cuchillos en el interior, que no parecen m\u00e1s anchos. En esta entrada de alimentaci\u00f3n, puede colocar materiales duros y gruesos, como troncos, maderas duras, ramas gruesas y restos de madera. <\/p>    <p>2. Disponemos de dos longitudes de entrada de pienso. El m\u00e1s largo puede ayudar a que el material largo que desea colocar se estabilice m\u00e1s, y luego puede salvar al trabajador maderero que estaba dispuesto a mantener los materiales estables antes. Si tienes muchos materiales largos para aplastar, puedes elegir este tipo.<\/p>    <figure class=\"wp-block-gallery has-nested-images columns-default is-cropped wp-block-gallery-2 is-layout-flex wp-block-gallery-is-layout-flex\"> <figure class=\"wp-block-image size-large\"><img loading=\"lazy\" decoding=\"async\" width=\"720\" height=\"540\" data-id=\"221\" src=\"https:\/\/hnwoodmachine.com\/wp-content\/uploads\/2021\/03\/Small-Wood-Crusher.jpg\" alt=\"\" class=\"wp-image-221\" title=\"\" srcset=\"https:\/\/hnwoodmachine.com\/wp-content\/uploads\/2021\/03\/Small-Wood-Crusher.jpg 720w, https:\/\/hnwoodmachine.com\/wp-content\/uploads\/2021\/03\/Small-Wood-Crusher-300x225.jpg 300w\" sizes=\"(max-width: 720px) 100vw, 720px\" \/><figcaption><\/figcaption><\/figure> <figcaption class=\"blocks-gallery-caption wp-element-caption\">Peque\u00f1a trituradora de madera<\/figcaption><\/figure>    <h2 class=\"wp-block-heading\" id=\"h-movement-method-and-power-source-for-wood-shredders\">M\u00e9todo de movimiento y fuente de energ\u00eda para trituradoras de madera<\/h2>    <h3 class=\"wp-block-heading\" id=\"h-power-sources-of-wood-crusher-machine\"><strong>Fuentes de energ\u00eda de la m\u00e1quina trituradora de madera<\/strong><\/h3>    <p>Disponemos de dos formas de arrancar la m\u00e1quina: generaci\u00f3n de energ\u00eda di\u00e9sel y energ\u00eda del motor el\u00e9ctrico. Puedes elegir el m\u00e1s conveniente.<\/p>    <figure class=\"wp-block-gallery has-nested-images columns-default is-cropped wp-block-gallery-3 is-layout-flex wp-block-gallery-is-layout-flex\"> <figure class=\"wp-block-image size-large\"><img loading=\"lazy\" decoding=\"async\" width=\"720\" height=\"540\" data-id=\"216\" src=\"https:\/\/hnwoodmachine.com\/wp-content\/uploads\/2021\/03\/Electric-Motor-Power-Machine.jpg\" alt=\"\" class=\"wp-image-216\" title=\"\" srcset=\"https:\/\/hnwoodmachine.com\/wp-content\/uploads\/2021\/03\/Electric-Motor-Power-Machine.jpg 720w, https:\/\/hnwoodmachine.com\/wp-content\/uploads\/2021\/03\/Electric-Motor-Power-Machine-300x225.jpg 300w\" sizes=\"(max-width: 720px) 100vw, 720px\" \/><figcaption><\/figcaption><\/figure>    <figure class=\"wp-block-image size-large\"><img loading=\"lazy\" decoding=\"async\" width=\"720\" height=\"540\" data-id=\"217\" src=\"https:\/\/hnwoodmachine.com\/wp-content\/uploads\/2021\/03\/Diesel-Power-Generation-Machine.jpg\" alt=\"\" class=\"wp-image-217\" title=\"\" srcset=\"https:\/\/hnwoodmachine.com\/wp-content\/uploads\/2021\/03\/Diesel-Power-Generation-Machine.jpg 720w, https:\/\/hnwoodmachine.com\/wp-content\/uploads\/2021\/03\/Diesel-Power-Generation-Machine-300x225.jpg 300w\" sizes=\"(max-width: 720px) 100vw, 720px\" \/><figcaption><\/figcaption><\/figure> <figcaption class=\"blocks-gallery-caption wp-element-caption\">M\u00e1quina de Potencia de Motor El\u00e9ctrico (Izquierda) y M\u00e1quina de Generaci\u00f3n de Potencia Di\u00e9sel (Derecha)<\/figcaption><\/figure>    <p>Desde el punto de vista de la seguridad, le sugerimos tener un gabinete de control de voltaje si la potencia de la m\u00e1quina que elige supera los 22 kW. \u00a1Tambi\u00e9n tenemos transportadores a la venta!<\/p>    <h3 class=\"wp-block-heading\" id=\"h-wheels-of-wood-crusher-machine\"><strong>Ruedas de m\u00e1quina trituradora de madera.<\/strong><\/h3>    <p>Disponemos de diferentes tipos de ruedas y tambi\u00e9n podemos fabricar ruedas como quieras. Aqu\u00ed publico algunos de ellos. Es m\u00e1s, est\u00e1 bien si no quieres tener ruedas. Tambi\u00e9n disponemos de m\u00e1quinas sin ruedas pero con base fija, y puedes ponerlas donde quieras.<\/p>    <h2 class=\"wp-block-heading\" id=\"h-star-product-big-size-wood-crusher-machine\">Producto estrella: m\u00e1quina trituradora de madera de gran tama\u00f1o<\/h2>    <p class=\"translation-block\"><strong>\u00a1LA M\u00c1QUINA TRITURADORA DE MADERA GRANDE SE VENDE BIEN!<\/strong><\/p>    <p>Un gran n\u00famero de clientes eligen las trituradoras de madera grandes (modelo\u2265900). Aqu\u00ed tienes el detalle de nuestros productos estrella.<\/p>    <h3 class=\"wp-block-heading\" id=\"h-basic-information-of-the-big-size-shredders\">Informaci\u00f3n b\u00e1sica de las trituradoras de gran tama\u00f1o<\/h3>    <p>Este tipo de m\u00e1quina trituradora de madera de gran tama\u00f1o es el principal producto actual. La potencia y el rendimiento son mucho mayores que los peque\u00f1os.<\/p>    <p>El m\u00e1s grande puede ayudar a triturar una gran cantidad de materias primas, todos ellos pueden procesar materiales en poco tiempo.<\/p>    <figure class=\"wp-block-image size-large\"><img loading=\"lazy\" decoding=\"async\" width=\"720\" height=\"540\" src=\"https:\/\/hnwoodmachine.com\/wp-content\/uploads\/2021\/03\/Large-Model-Wood-Shredder-is-Waiting-for-Shipping-1.jpg\" alt=\"\" class=\"wp-image-220\" title=\"\" srcset=\"https:\/\/hnwoodmachine.com\/wp-content\/uploads\/2021\/03\/Large-Model-Wood-Shredder-is-Waiting-for-Shipping-1.jpg 720w, https:\/\/hnwoodmachine.com\/wp-content\/uploads\/2021\/03\/Large-Model-Wood-Shredder-is-Waiting-for-Shipping-1-300x225.jpg 300w\" sizes=\"(max-width: 720px) 100vw, 720px\" \/><figcaption class=\"wp-element-caption\">La trituradora de madera modelo grande est\u00e1 esperando su env\u00edo<\/figcaption><\/figure>    <h3 class=\"wp-block-heading\" id=\"h-why-you-choose-our-wood-shredders\"><strong>\u00bfPor qu\u00e9 elige nuestras trituradoras de madera?<\/strong><\/h3>    <p>Nuestra m\u00e1quina trituradora de madera tiene baja inversi\u00f3n, bajo consumo de energ\u00eda, alta productividad, buenos beneficios econ\u00f3micos y uso y mantenimiento convenientes. Y tambi\u00e9n tenemos otras ventajas, es un tipo de equipo especial para el desarrollo de la producci\u00f3n de hongos comestibles o la producci\u00f3n de materiales de tableros de alta densidad para tableros de part\u00edculas y tableros de aserr\u00edn.<\/p>    <h3 class=\"wp-block-heading\" id=\"h-cases-of-big-size-wood-shredder-machine\">Cajas de m\u00e1quina trituradora de madera de gran tama\u00f1o<\/h3>    <p>Recientemente, un empresario de Dubai nos encarg\u00f3 una trituradora de madera grande WD-1000. Al principio pens\u00f3 en observar de cerca las m\u00e1quinas de nuestra f\u00e1brica. Tuvo que abandonar esta idea debido al COVID-19. Le dijimos que tendr\u00edamos que vivir para presentarle nuestra f\u00e1brica y nuestra m\u00e1quina trituradora de madera en detalle, se sinti\u00f3 feliz y vio la transmisi\u00f3n en vivo a tiempo. <\/p>    <p>Durante la transmisi\u00f3n en vivo, se sinti\u00f3 profundamente atra\u00eddo por nuestros productos. Posteriormente sabemos que estaba trabajando en un jard\u00edn, y ten\u00eda que triturar una gran cantidad de ramas cada a\u00f1o. Con esta trituradora de madera meti\u00f3 las ramas y luego consigui\u00f3 aserr\u00edn. Luego vendi\u00f3 el aserr\u00edn a una industria papelera, lo que le ayud\u00f3 a ganar m\u00e1s dinero que antes.<\/p>    <figure class=\"wp-block-image size-large\"><img loading=\"lazy\" decoding=\"async\" width=\"720\" height=\"540\" src=\"https:\/\/hnwoodmachine.com\/wp-content\/uploads\/2021\/03\/Large-wood-crushers-are-ready-to-be-shipped-to-Dubai.jpg\" alt=\"\" class=\"wp-image-211\" title=\"\" srcset=\"https:\/\/hnwoodmachine.com\/wp-content\/uploads\/2021\/03\/Large-wood-crushers-are-ready-to-be-shipped-to-Dubai.jpg 720w, https:\/\/hnwoodmachine.com\/wp-content\/uploads\/2021\/03\/Large-wood-crushers-are-ready-to-be-shipped-to-Dubai-300x225.jpg 300w\" sizes=\"(max-width: 720px) 100vw, 720px\" \/><figcaption class=\"wp-element-caption\">La trituradora de madera grande est\u00e1 lista para ser enviada a Dubai<\/figcaption><\/figure>    <h2 class=\"wp-block-heading\" id=\"h-technical-data-of-the-wood-crushers\">Datos T\u00e9cnicos de las Trituradoras de Madera<\/h2>    <figure class=\"wp-block-table\"><table><tbody><tr><td>Modelo<\/td><td>Fuerza<\/td><td>Salida (T)<\/td><td>Pa\u00f1o de pantalla<\/td><\/tr><tr><td>WD-420<\/td><td>7.5-11<\/td><td>0.5<\/td><td>50<\/td><\/tr><tr><td>WD-500<\/td><td>18.5<\/td><td>1<\/td><td>60<\/td><\/tr><tr><td>WD-600<\/td><td>30<\/td><td>1.5<\/td><td>100<\/td><\/tr><tr><td>WD-450<\/td><td>11<\/td><td>0.8<\/td><td>&nbsp;<\/td><\/tr><tr><td>WD-700<\/td><td>37<\/td><td>25<\/td><td>150<\/td><\/tr><tr><td>WD-900<\/td><td>55<\/td><td>1.5-3.5<\/td><td>300<\/td><\/tr><tr><td>WD-1000<\/td><td>75+7.5<\/td><td>3.5<\/td><td>400<\/td><\/tr><tr><td>WD-1200<\/td><td>90<\/td><td>5.5<\/td><td>600<\/td><\/tr><tr><td>WD-1500<\/td><td>110<\/td><td>7.5<\/td><td>800<\/td><\/tr><tr><td>WD-1800<\/td><td>132<\/td><td>11.5<\/td><td><\/td><\/tr><\/tbody><\/table><figcaption class=\"wp-element-caption\">Modelo de producto e informaci\u00f3n relacionada<\/figcaption><\/figure>    <p>En esta tabla, las m\u00e1quinas del tama\u00f1o 420 al tama\u00f1o 700 se nombran seg\u00fan el di\u00e1metro del cabezal de corte y otras no.<\/p>    <h3 class=\"wp-block-heading\" id=\"h-the-price-of-wood-shredders\">El precio de las trituradoras de madera<\/h3>    <p>El precio de una m\u00e1quina trituradora de madera depende del componente de la m\u00e1quina. Por ejemplo, la m\u00e1quina m\u00e1s grande necesita m\u00e1s cuchillas, por lo que su precio es un poco m\u00e1s alto que el de la peque\u00f1a. Si quieres conocer m\u00e1s detalles sobre el precio, puedes contactar con nosotros.<\/p>    <h2 class=\"wp-block-heading\" id=\"h-attention-points-of-wood-crushers\">Puntos de atenci\u00f3n de las trituradoras de madera<\/h2>    <p>A continuaci\u00f3n se incluyen algunos consejos de funcionamiento importantes que necesita conocer.<\/p>    <h3 class=\"wp-block-heading\" id=\"h-how-to-test-the-machine-if-it-works-well-after-installation\"><strong>\u00bfC\u00f3mo probar la m\u00e1quina si funciona bien despu\u00e9s de la instalaci\u00f3n?<\/strong><\/h3>    <p>1.\u00a0Encienda el motor y compruebe si la direcci\u00f3n es correcta.<\/p>    <p>2. Al instalar y cambiar el cortador, extienda el filo de 2 a 4 mm desde el plano de la placa del cortador y luego apriete el perno. Si la hebilla del hilo del perno de presi\u00f3n est\u00e1 desgastada, debe reemplazarse inmediatamente para evitar que la tuerca del disco de la cuchilla se resbale.<\/p>    <p>3. Cambie el grado de estiramiento del cuchillo, debe tener la misma longitud del cuchillo de estiramiento.<\/p>    <p>4. Dependiendo de la longitud del cuchillo, las part\u00edculas no pueden alcanzar el ideal, cambie los diferentes tama\u00f1os de poro del rottweiler.<\/p>    <p>5. Est\u00e1 estrictamente prohibido introducir madera con piedras y clavos en la m\u00e1quina para evitar da\u00f1ar el cuchillo y el interior.<\/p>    <p>6. Preste atenci\u00f3n para revisar el perno del martillo, se encuentra flojo, apri\u00e9telo inmediatamente, el martillo y el perno se desgastan seriamente y debe reemplazarse.<\/p>    <p>7. El \u00e1ngulo de afilado es de 28 a 30 \u00b0C, est\u00e1 estrictamente prohibido rectificar superficies convexas. La superficie convexa provocar\u00e1 que la hoja de acero se rompa o se despegue parcialmente.<\/p>    <p>8. Las m\u00e1quinas de uso frecuente deben revisarse por falta de mantequilla para cojinetes. La mantequilla se debe rellenar durante 3-4 horas, no demasiado.<\/p>    <h3 class=\"wp-block-heading\" id=\"h-maintenance-of-wood-crusher-machine\"><strong>Mantenimiento de la m\u00e1quina trituradora de madera<\/strong><\/h3>    <p>1. El rodamiento debe llenarse con mantequilla de manera oportuna. El rodamiento debe llenarse con mantequilla una vez cada 3-4 horas para un funcionamiento continuo.<\/p>    <p>2. Despu\u00e9s de usar el cintur\u00f3n triangular durante un per\u00edodo de tiempo, se debe ajustar nuevamente la tensi\u00f3n y es aconsejable disminuirla de 6 a 10 mm.<\/p>    <p>3. Limpie la m\u00e1quina todos los d\u00edas despu\u00e9s del trabajo, verifique si hay grietas u otros problemas y repare la m\u00e1quina a tiempo.<\/p>    <h3 class=\"wp-block-heading\" id=\"h-common-problems-solutions\">Problemas y soluciones comunes:<\/h3>    <p>1. La hoja no est\u00e1 bien ajustada, corte las part\u00edculas de aserr\u00edn. Repare la dificultad de alimentaci\u00f3n de la hoja. El desgaste de la hoja no est\u00e1 afilado.<\/p>    <p>2. El espacio libre del cuchillo fijo es demasiado peque\u00f1o o demasiado grande. Repare y afile la hoja.<\/p>    <p>3. Ajuste la holgura de la cuchilla fija de 2 a 3 mm.<\/p>    <p>4. El \u00e1ngulo de la hoja no debe ser superior a 30\u00b0. La sobrecarga de carga se alimenta demasiado r\u00e1pido y de manera desigual.<\/p>    <p>5. La hoja no est\u00e1 afilada, reduzca la velocidad de alimentaci\u00f3n.<\/p>    <p>6. Calentamiento del rodamiento de palas pulidas.<\/p>    <p>7. No hay mantequilla en el asiento del cojinete.<\/p>    <p>8. El asiento del cojinete no est\u00e1 instalado plano.<\/p>    <p>9. Da\u00f1os en los rodamientos | La correa est\u00e1 demasiado apretada debido a la mantequilla.<\/p>    <p>10. Balanza de alineaci\u00f3n del pedestal del rodamiento.<\/p>    <p>11. Rodamientos nuevos | Ajuste la tensi\u00f3n del cintur\u00f3n.<\/p>","protected":false},"excerpt":{"rendered":"<p>Wood crusher machine also called branch shredder machine, sawdust wood crusher machine and wood cutting crusher machine. By wood crush machine, you can cut lots of hard and soft raw materials like branches, logs, plywood, thatch, corn stalk and so on. Then you get the final products which can be used in making charcoal, re-process [&hellip;]<\/p>\n","protected":false},"author":1,"featured_media":0,"parent":0,"menu_order":0,"comment_status":"open","ping_status":"closed","template":"","meta":{"_kad_blocks_custom_css":"","_kad_blocks_head_custom_js":"","_kad_blocks_body_custom_js":"","_kad_blocks_footer_custom_js":"","footnotes":""},"class_list":["post-200","page","type-page","status-publish","hentry"],"taxonomy_info":[],"featured_image_src_large":false,"author_info":{"display_name":"HN-WOOD","author_link":"https:\/\/hnwoodmachine.com\/es\/author\/woodmachine\/"},"comment_info":0,"_links":{"self":[{"href":"https:\/\/hnwoodmachine.com\/es\/wp-json\/wp\/v2\/pages\/200","targetHints":{"allow":["GET"]}}],"collection":[{"href":"https:\/\/hnwoodmachine.com\/es\/wp-json\/wp\/v2\/pages"}],"about":[{"href":"https:\/\/hnwoodmachine.com\/es\/wp-json\/wp\/v2\/types\/page"}],"author":[{"embeddable":true,"href":"https:\/\/hnwoodmachine.com\/es\/wp-json\/wp\/v2\/users\/1"}],"replies":[{"embeddable":true,"href":"https:\/\/hnwoodmachine.com\/es\/wp-json\/wp\/v2\/comments?post=200"}],"version-history":[{"count":0,"href":"https:\/\/hnwoodmachine.com\/es\/wp-json\/wp\/v2\/pages\/200\/revisions"}],"wp:attachment":[{"href":"https:\/\/hnwoodmachine.com\/es\/wp-json\/wp\/v2\/media?parent=200"}],"curies":[{"name":"wp","href":"https:\/\/api.w.org\/{rel}","templated":true}]}}