{"id":200,"date":"2022-12-07T02:53:03","date_gmt":"2022-12-07T02:53:03","guid":{"rendered":"https:\/\/hnwoodmachine.com\/?page_id=200"},"modified":"2022-12-07T02:53:05","modified_gmt":"2022-12-07T02:53:05","slug":"wood-crusher-sawdust-wood-shredder-branch-shredder","status":"publish","type":"page","link":"https:\/\/hnwoodmachine.com\/de\/wood-crusher-sawdust-wood-shredder-branch-shredder\/","title":{"rendered":"Holzbrecher | S\u00e4gemehl-Holzzerkleinerer | Astzerkleinerer"},"content":{"rendered":"<p>Holzzerkleinerungsmaschine, auch Zweigzerkleinerungsmaschine, S\u00e4gemehl-Holzzerkleinerungsmaschine und Holzschneide-Zerkleinerungsmaschine genannt. Mit einer Holzzerkleinerungsmaschine k\u00f6nnen Sie viele harte und weiche Rohstoffe wie \u00c4ste, Baumst\u00e4mme, Sperrholz, Stroh, Maisst\u00e4ngel usw. schneiden. Anschlie\u00dfend erhalten Sie die Endprodukte, die zur Herstellung von Holzkohle, zur Wiederaufbereitung und zur Herstellung von Pellets verwendet werden k\u00f6nnen.<\/p>    <h2 class=\"wp-block-heading\" id=\"h-brief-introduction-of-the-wood-crusher-machine\"><strong>Kurze Einf\u00fchrung der Holzbrechermaschine<\/strong><\/h2>    <p>Unsere Holzzerkleinerer werden in der Regel zur Wiederverwertung von Altholz eingesetzt. In diesem Teil werde ich den Aufbau und die Funktionsweise der Maschine besprechen und ihr Rohstoffspektrum erl\u00e4utern.<\/p>    <h3 class=\"wp-block-heading\" id=\"h-structure-of-machine-and-manner-of-working\">Struktur der Maschine und Arbeitsweise<\/h3>    <p>Holzzerkleinerungsmaschine, auch Holzschredder genannt, geh\u00f6rt zu den Holzverarbeitungsprodukten. Der Holzzerkleinerer besteht im Wesentlichen aus einer Basis, einem Zufuhreinlass, einem Auslass, einem Schneidkopf, einem Sieb, einem Hammer und einem Schneidmesser. Die gro\u00dfe Maschine verf\u00fcgt au\u00dferdem \u00fcber eine elektrische Steuerung.<\/p>    <figure class=\"wp-block-image size-large\"><img fetchpriority=\"high\" decoding=\"async\" width=\"1012\" height=\"601\" src=\"https:\/\/hnwoodmachine.com\/wp-content\/uploads\/2021\/03\/Route-Chart-of-Wood-Crusher-Machine.jpg\" alt=\"\" class=\"wp-image-212\" title=\"\" srcset=\"https:\/\/hnwoodmachine.com\/wp-content\/uploads\/2021\/03\/Route-Chart-of-Wood-Crusher-Machine.jpg 1012w, https:\/\/hnwoodmachine.com\/wp-content\/uploads\/2021\/03\/Route-Chart-of-Wood-Crusher-Machine-300x178.jpg 300w, https:\/\/hnwoodmachine.com\/wp-content\/uploads\/2021\/03\/Route-Chart-of-Wood-Crusher-Machine-768x456.jpg 768w\" sizes=\"(max-width: 1012px) 100vw, 1012px\" \/><figcaption class=\"wp-element-caption\"><br>Routenkarte von Holz <\/figcaption><\/figure>    <p>Zuerst werden die Rohstoffe in die Einf\u00fcll\u00f6ffnungen gegeben, dann verarbeiten der Hammer und das Schneidmesser die Materialien mit hoher Geschwindigkeit. Nach einigen Sekunden kommt das S\u00e4gemehl aus dem Auslass.<\/p>    <figure class=\"wp-block-image size-large\"><img decoding=\"async\" width=\"720\" height=\"540\" src=\"https:\/\/hnwoodmachine.com\/wp-content\/uploads\/2021\/03\/Internal-Machine-Structure.jpg\" alt=\"\" class=\"wp-image-214\" title=\"\" srcset=\"https:\/\/hnwoodmachine.com\/wp-content\/uploads\/2021\/03\/Internal-Machine-Structure.jpg 720w, https:\/\/hnwoodmachine.com\/wp-content\/uploads\/2021\/03\/Internal-Machine-Structure-300x225.jpg 300w\" sizes=\"(max-width: 720px) 100vw, 720px\" \/><figcaption class=\"wp-element-caption\">Interne Maschinenstruktur<\/figcaption><\/figure>    <h3 class=\"wp-block-heading\" id=\"h-raw-materials-for-wood-crusher-machine\">Rohstoffe f\u00fcr Holzbrechermaschinen<\/h3>    <figure class=\"wp-block-table\"><table><tbody><tr><td>Harte Rohstoffe<\/td><td>Weiche Rohstoffe<\/td><\/tr><tr><td>Hartholz, roher Bambus, Kiefernholz, verschiedene H\u00f6lzer, Pappelholz, Tanne usw.<\/td><td>Weichholz, Spanplatten, Sperrholz, Stroh, Maisst\u00e4ngel, Sorghumst\u00e4ngel usw.<\/td><\/tr><\/tbody><\/table><figcaption class=\"wp-element-caption\">Rohstoffe der Holzbrechermaschine<\/figcaption><\/figure>    <figure class=\"wp-block-image size-large\"><img decoding=\"async\" width=\"720\" height=\"540\" src=\"https:\/\/hnwoodmachine.com\/wp-content\/uploads\/2021\/03\/Long-Neck-Wood-Crusher.jpg\" alt=\"\" class=\"wp-image-215\" title=\"\" srcset=\"https:\/\/hnwoodmachine.com\/wp-content\/uploads\/2021\/03\/Long-Neck-Wood-Crusher.jpg 720w, https:\/\/hnwoodmachine.com\/wp-content\/uploads\/2021\/03\/Long-Neck-Wood-Crusher-300x225.jpg 300w\" sizes=\"(max-width: 720px) 100vw, 720px\" \/><figcaption class=\"wp-element-caption\"><br>Holzbrecher mit langem Hals <\/figcaption><\/figure>    <h2 class=\"wp-block-heading\" id=\"h-information-of-wood-shredders-process-finished-product\">Informationen zum verarbeiteten Endprodukt von Wood Shredders<\/h2>    <p>Wie wir wissen, haben unterschiedliche verarbeitete Produkte unterschiedliche Verwendungszwecke. In diesem Teil erhalten Sie weitere Informationen dar\u00fcber, wie die verarbeiteten Produkte verwendet werden und wie sich die Ertragsgr\u00f6\u00dfe auf die Produktionszahl auswirkt.<\/p>    <h3 class=\"wp-block-heading\" id=\"h-the-role-of-the-materials-produces-by-the-wood-shredders\">Die Rolle der von den Holzzerkleinerern produzierten Materialien<\/h3>    <p>1. Die 3\u20135 mm gro\u00dfen Materialien (haupts\u00e4chlich Staub) k\u00f6nnen zu Holzkohle verarbeitet werden.<\/p>    <p>2. Das 8 mm-1 cm gro\u00dfe Fertigprodukt kann als Kulturmedium verwendet werden (z. B. als Kulturmedium f\u00fcr essbare Pilze).<\/p>    <p>3. Um es wiederzuverarbeiten, dann zu verkaufen oder wiederzuverwenden, z. B. Holz, Spanplatten usw.<\/p>    <p>4. Zu Pellets verarbeitet<\/p>    <div class=\"wp-block-columns is-layout-flex wp-container-core-columns-is-layout-28f84493 wp-block-columns-is-layout-flex\"> <div class=\"wp-block-column is-layout-flow wp-block-column-is-layout-flow\" style=\"flex-basis:100%\"> <figure class=\"wp-block-image size-large\"><img loading=\"lazy\" decoding=\"async\" width=\"720\" height=\"540\" src=\"https:\/\/hnwoodmachine.com\/wp-content\/uploads\/2021\/03\/Final-Products-of-Branch-Crusher.jpg\" alt=\"\" class=\"wp-image-219\" title=\"\" srcset=\"https:\/\/hnwoodmachine.com\/wp-content\/uploads\/2021\/03\/Final-Products-of-Branch-Crusher.jpg 720w, https:\/\/hnwoodmachine.com\/wp-content\/uploads\/2021\/03\/Final-Products-of-Branch-Crusher-300x225.jpg 300w\" sizes=\"(max-width: 720px) 100vw, 720px\" \/><figcaption class=\"wp-element-caption\">Endprodukte des Zweigbrechers<\/figcaption><\/figure> <\/div> <\/div>    <h3 class=\"wp-block-heading\" id=\"h-the-relationship-between-wood-crusher-machine-s-sieve-and-yield\">Die Beziehung zwischen Sieb und Ausbeute der Holzbrechermaschine<\/h3>    <p>Die Gr\u00f6\u00dfe der Siebmaschen hat direkten Einfluss auf die Dicke des verarbeiteten Produkts. Je kleiner der Sieblochdurchmesser ist, desto kleiner ist die Ausgabegr\u00f6\u00dfe und desto kleiner ist die Ausgabezahl.<\/p>    <h2 class=\"wp-block-heading\" id=\"h-characteristics-of-wood-shredder-machine\"><strong>Eigenschaften der Holzzerkleinerungsmaschine<\/strong><\/h2>    <h3 class=\"wp-block-heading\" id=\"h-basic-information-of-accessories-for-wood-crusher-machine\"><strong>&nbsp;Grundlegende Informationen zum Zubeh\u00f6r f\u00fcr Holzzerkleinerungsmaschinen<\/strong><\/h3>    <figure class=\"wp-block-table\"><table><tbody><tr><td><strong>Zubeh\u00f6r<\/strong><strong><\/strong><\/td><td><strong>Material<\/strong><strong><\/strong><\/td><\/tr><tr><td><strong>Klinge<\/strong><strong><\/strong><\/td><td><strong>Legierter Stahl<\/strong><strong><\/strong><\/td><\/tr><tr><td><strong>Hammer<\/strong><strong><\/strong><\/td><td><strong>Manganstahl Nr. 65<\/strong><strong><\/strong><\/td><\/tr><tr><td><strong>Sieb<\/strong><strong><\/strong><\/td><td><strong>Manganstahl<\/strong><strong><\/strong><\/td><\/tr><\/tbody><\/table><figcaption class=\"wp-element-caption\">Geh\u00e4usematerial des Holzschredders<\/figcaption><\/figure>    <h3 class=\"wp-block-heading\" id=\"h-notes-for-wood-shredders-cutting-blades-and-cutterheads\">Hinweise zu den Schneidklingen und Schneidk\u00f6pfen von Holzzerkleinerern<\/h3>    <p id=\"h-after-3-months-you-are-supposed-to-replace-the-blades-although-the-quality-of-our-machine-is-high-to-keep-the-machine-working-efficiently-and-the-output-of-the-product-you-can-sharpen-the-blades-often-our-company-also-offer-a-sharpener-you-can-sharpen-the-blades-by-it-since-it-is-vulnerable-you-can-buy-more-blades-for-replacement\">Nach 3 Monaten sollten Sie die Klingen austauschen. Obwohl die Qualit\u00e4t unserer Maschine hoch ist, k\u00f6nnen Sie die Klingen h\u00e4ufig sch\u00e4rfen, um einen effizienten Betrieb der Maschine und eine hohe Produktleistung zu gew\u00e4hrleisten. Unser Unternehmen bietet auch einen Sch\u00e4rfer an, mit dem Sie die Klingen sch\u00e4rfen k\u00f6nnen. Da es anf\u00e4llig ist, k\u00f6nnen Sie weitere Klingen als Ersatz kaufen.<\/p>    <p>Um den Partikel zu wechseln, ist es notwendig, das Luo zu wechseln und gleichzeitig das Messer anzupassen. Das Loch darf nicht weniger als 14 mm (Durchmesser) und nicht mehr als 20 mm (Durchmesser) haben, die L\u00e4nge des Messers darf zwischen 3 und 6 mm liegen und der Spalt zwischen der unteren Messerplatte und dem Messer darf nicht mehr als 1 mm betragen.<\/p>    <h3 class=\"wp-block-heading\">Hinweise zu den Zufuhr\u00f6ffnungen der Holzzerkleinerungsmaschine:<\/h3>    <p>1. Die Wahl der Gr\u00f6\u00dfe der Futtereinl\u00e4sse h\u00e4ngt davon ab, wie breit Ihre Rohstoffe sind. In unseren Holzzerkleinerungsmaschinen gibt es zwei Arten von Zufuhreinl\u00e4ssen, die beim Betrieb der Maschinen unterschiedliche Rollen spielen. Die breitere Variante (rechts) eignet sich f\u00fcr weiche Rohstoffe und kleine Rohstoffe. In diesen Futtereinlass k\u00f6nnen Sie beispielsweise Materialien wie Holzsp\u00e4ne, Gras und Stroh einf\u00fcllen. Das andere (links) ist v\u00f6llig anders. Es gibt eine untere Messerplatte mit Messern im Inneren, die auf der breiteren Platte nicht sichtbar sind. In diesen Einf\u00fcllstutzen k\u00f6nnen Sie harte und grobe Materialien wie Baumst\u00e4mme, Harth\u00f6lzer, grobe \u00c4ste und Holzreste einf\u00fcllen. <\/p>    <p>2. Wir haben zwei L\u00e4ngen des Futtereinlasses. Je l\u00e4nger Sie k\u00f6nnen, desto stabiler wird das Langmaterial, in das Sie einlegen m\u00f6chten, und Sie k\u00f6nnen sich den Holzarbeiter ersparen, der vorher damit besch\u00e4ftigt war, die Materialien stabil zu halten. Wenn Sie viele lange Materialien zerschlagen m\u00fcssen, k\u00f6nnen Sie diesen Typ w\u00e4hlen.<\/p>    <figure class=\"wp-block-gallery has-nested-images columns-default is-cropped wp-block-gallery-2 is-layout-flex wp-block-gallery-is-layout-flex\"> <figure class=\"wp-block-image size-large\"><img loading=\"lazy\" decoding=\"async\" width=\"720\" height=\"540\" data-id=\"221\" src=\"https:\/\/hnwoodmachine.com\/wp-content\/uploads\/2021\/03\/Small-Wood-Crusher.jpg\" alt=\"\" class=\"wp-image-221\" title=\"\" srcset=\"https:\/\/hnwoodmachine.com\/wp-content\/uploads\/2021\/03\/Small-Wood-Crusher.jpg 720w, https:\/\/hnwoodmachine.com\/wp-content\/uploads\/2021\/03\/Small-Wood-Crusher-300x225.jpg 300w\" sizes=\"(max-width: 720px) 100vw, 720px\" \/><figcaption><\/figcaption><\/figure> <figcaption class=\"blocks-gallery-caption wp-element-caption\">Kleiner Holzbrecher<\/figcaption><\/figure>    <h2 class=\"wp-block-heading\" id=\"h-movement-method-and-power-source-for-wood-shredders\">Bewegungsmethode und Energiequelle f\u00fcr Holzzerkleinerer<\/h2>    <h3 class=\"wp-block-heading\" id=\"h-power-sources-of-wood-crusher-machine\"><strong>Energiequellen der Holzbrechermaschine<\/strong><\/h3>    <p>Wir haben zwei M\u00f6glichkeiten, die Maschine zu starten: Dieselstromerzeugung und Elektromotorleistung. Sie k\u00f6nnen die bequemere Variante w\u00e4hlen.<\/p>    <figure class=\"wp-block-gallery has-nested-images columns-default is-cropped wp-block-gallery-3 is-layout-flex wp-block-gallery-is-layout-flex\"> <figure class=\"wp-block-image size-large\"><img loading=\"lazy\" decoding=\"async\" width=\"720\" height=\"540\" data-id=\"216\" src=\"https:\/\/hnwoodmachine.com\/wp-content\/uploads\/2021\/03\/Electric-Motor-Power-Machine.jpg\" alt=\"\" class=\"wp-image-216\" title=\"\" srcset=\"https:\/\/hnwoodmachine.com\/wp-content\/uploads\/2021\/03\/Electric-Motor-Power-Machine.jpg 720w, https:\/\/hnwoodmachine.com\/wp-content\/uploads\/2021\/03\/Electric-Motor-Power-Machine-300x225.jpg 300w\" sizes=\"(max-width: 720px) 100vw, 720px\" \/><figcaption><\/figcaption><\/figure>    <figure class=\"wp-block-image size-large\"><img loading=\"lazy\" decoding=\"async\" width=\"720\" height=\"540\" data-id=\"217\" src=\"https:\/\/hnwoodmachine.com\/wp-content\/uploads\/2021\/03\/Diesel-Power-Generation-Machine.jpg\" alt=\"\" class=\"wp-image-217\" title=\"\" srcset=\"https:\/\/hnwoodmachine.com\/wp-content\/uploads\/2021\/03\/Diesel-Power-Generation-Machine.jpg 720w, https:\/\/hnwoodmachine.com\/wp-content\/uploads\/2021\/03\/Diesel-Power-Generation-Machine-300x225.jpg 300w\" sizes=\"(max-width: 720px) 100vw, 720px\" \/><figcaption><\/figcaption><\/figure> <figcaption class=\"blocks-gallery-caption wp-element-caption\">Elektromotoren-Power-Maschine (Links) &amp; Dieselstromerzeugungsmaschine (Rechts)<\/figcaption><\/figure>    <p>Aus Sicherheitsgr\u00fcnden empfehlen wir Ihnen, einen Spannungssteuerschrank zu verwenden, wenn die Leistung der von Ihnen gew\u00e4hlten Maschine mehr als 22 kW betr\u00e4gt. Wir haben auch F\u00f6rderb\u00e4nder zum Verkauf!<\/p>    <h3 class=\"wp-block-heading\" id=\"h-wheels-of-wood-crusher-machine\"><strong>R\u00e4der der Holzbrechermaschine<\/strong><\/h3>    <p>Wir haben verschiedene Arten von R\u00e4dern und k\u00f6nnen auch R\u00e4der nach Ihren W\u00fcnschen herstellen. Hier poste ich einige davon. Dar\u00fcber hinaus ist es in Ordnung, wenn Sie die R\u00e4der nicht haben m\u00f6chten. Wir haben auch Maschinen ohne R\u00e4der, aber mit festem Sockel, und Sie k\u00f6nnen sie \u00fcberall aufstellen, wo Sie m\u00f6chten.<\/p>    <h2 class=\"wp-block-heading\" id=\"h-star-product-big-size-wood-crusher-machine\">Starprodukt \u2013 Gro\u00dfe Holzzerkleinerungsmaschine<\/h2>    <p class=\"translation-block\"><strong><span class=\"has-inline-color has-vivid-red-color\">Die gro\u00dfe Holzbrecher-Maschine verkauft sich gut!<\/span><\/strong><\/p>    <p>Viele Kunden entscheiden sich f\u00fcr die gro\u00dfen Holzzerkleinerer (Modell\u2265900). Hier finden Sie die Details unserer Starprodukte.<\/p>    <h3 class=\"wp-block-heading\" id=\"h-basic-information-of-the-big-size-shredders\">Grundlegende Informationen zu den gro\u00dfen Aktenvernichtern<\/h3>    <p>Diese Art gro\u00dfer Holzzerkleinerungsmaschine ist heute das Hauptprodukt. Die Leistung und der Ertrag sind viel gr\u00f6\u00dfer als bei den Kleinen.<\/p>    <p>Die gr\u00f6\u00dfere Maschine kann dabei helfen, eine gro\u00dfe Anzahl von Rohstoffen zu zerkleinern, alle k\u00f6nnen Materialien in kurzer Zeit verarbeiten.<\/p>    <figure class=\"wp-block-image size-large\"><img loading=\"lazy\" decoding=\"async\" width=\"720\" height=\"540\" src=\"https:\/\/hnwoodmachine.com\/wp-content\/uploads\/2021\/03\/Large-Model-Wood-Shredder-is-Waiting-for-Shipping-1.jpg\" alt=\"\" class=\"wp-image-220\" title=\"\" srcset=\"https:\/\/hnwoodmachine.com\/wp-content\/uploads\/2021\/03\/Large-Model-Wood-Shredder-is-Waiting-for-Shipping-1.jpg 720w, https:\/\/hnwoodmachine.com\/wp-content\/uploads\/2021\/03\/Large-Model-Wood-Shredder-is-Waiting-for-Shipping-1-300x225.jpg 300w\" sizes=\"(max-width: 720px) 100vw, 720px\" \/><figcaption class=\"wp-element-caption\">Ein gro\u00dfer Modell-Holzschredder wartet auf den Versand<\/figcaption><\/figure>    <h3 class=\"wp-block-heading\" id=\"h-why-you-choose-our-wood-shredders\"><strong>Warum sollten Sie sich f\u00fcr unsere Holzzerkleinerer entscheiden?<\/strong><\/h3>    <p>Unsere Holzzerkleinerungsmaschine zeichnet sich durch geringe Investitionen, geringen Energieverbrauch, hohe Produktivit\u00e4t, gute wirtschaftliche Vorteile sowie eine bequeme Verwendung und Wartung aus. Und wir haben auch andere Vorteile: Es handelt sich um eine Art Spezialausr\u00fcstung f\u00fcr die Entwicklung der Produktion von essbaren Pilzen oder die Herstellung von Plattenmaterialien mit hoher Dichte f\u00fcr Spanplatten und S\u00e4gemehlplatten.<\/p>    <h3 class=\"wp-block-heading\" id=\"h-cases-of-big-size-wood-shredder-machine\">F\u00e4lle von gro\u00dfen Holzzerkleinerungsmaschinen<\/h3>    <p>K\u00fcrzlich hat ein Gesch\u00e4ftsmann aus Dubai bei uns einen gro\u00dfen Holzbrecher WD-1000 bestellt. Zuerst dachte er daran, die Maschinen in unserer Fabrik aus der N\u00e4he zu beobachten. Aufgrund von COVID-19 musste er diese Idee aufgeben.  Wir sagten ihm, dass wir live dabei sein w\u00fcrden, um unsere Fabrik und unsere Holzzerkleinerungsmaschine im Detail vorzustellen. Er war gl\u00fccklich und konnte sich die Live-\u00dcbertragung p\u00fcnktlich ansehen. <\/p>    <p>W\u00e4hrend der Live-\u00dcbertragung war er von unseren Produkten tief angetan. Sp\u00e4ter erfahren wir, dass er in einem Garten arbeitete und jedes Jahr eine gro\u00dfe Anzahl von Zweigen zerkleinern musste.  Mit diesem Holzschredder legte er die \u00c4ste hinein und bekam sp\u00e4ter S\u00e4gemehl. Dann wurde das S\u00e4gemehl an eine Papierindustrie verkauft, wodurch er mehr Geld als zuvor verdiente.<\/p>    <figure class=\"wp-block-image size-large\"><img loading=\"lazy\" decoding=\"async\" width=\"720\" height=\"540\" src=\"https:\/\/hnwoodmachine.com\/wp-content\/uploads\/2021\/03\/Large-wood-crushers-are-ready-to-be-shipped-to-Dubai.jpg\" alt=\"\" class=\"wp-image-211\" title=\"\" srcset=\"https:\/\/hnwoodmachine.com\/wp-content\/uploads\/2021\/03\/Large-wood-crushers-are-ready-to-be-shipped-to-Dubai.jpg 720w, https:\/\/hnwoodmachine.com\/wp-content\/uploads\/2021\/03\/Large-wood-crushers-are-ready-to-be-shipped-to-Dubai-300x225.jpg 300w\" sizes=\"(max-width: 720px) 100vw, 720px\" \/><figcaption class=\"wp-element-caption\">Gro\u00dfer Holzbrecher ist bereit f\u00fcr den Versand nach Dubai<\/figcaption><\/figure>    <h2 class=\"wp-block-heading\" id=\"h-technical-data-of-the-wood-crushers\">Technische Daten der Holzbrecher<\/h2>    <figure class=\"wp-block-table\"><table><tbody><tr><td>Modell<\/td><td>Leistung<\/td><td>Leistung (T)<\/td><td>Bildschirmtuch<\/td><\/tr><tr><td>WD-420<\/td><td>7.5-11<\/td><td>0.5<\/td><td>50<\/td><\/tr><tr><td>WD-500<\/td><td>18.5<\/td><td>1<\/td><td>60<\/td><\/tr><tr><td>WD-600<\/td><td>30<\/td><td>1.5<\/td><td>100<\/td><\/tr><tr><td>WD-450<\/td><td>11<\/td><td>0.8<\/td><td>&nbsp;<\/td><\/tr><tr><td>WD-700<\/td><td>37<\/td><td>25<\/td><td>150<\/td><\/tr><tr><td>WD-900<\/td><td>55<\/td><td>1.5-3.5<\/td><td>300<\/td><\/tr><tr><td>WD-1000<\/td><td>75+7.5<\/td><td>3.5<\/td><td>400<\/td><\/tr><tr><td>WD-1200<\/td><td>90<\/td><td>5.5<\/td><td>600<\/td><\/tr><tr><td>WD-1500<\/td><td>110<\/td><td>7.5<\/td><td>800<\/td><\/tr><tr><td>WD-1800<\/td><td>132<\/td><td>11.5<\/td><td><\/td><\/tr><\/tbody><\/table><figcaption class=\"wp-element-caption\">Produktmodell und zugeh\u00f6rige Informationen<\/figcaption><\/figure>    <p>In dieser Tabelle werden die Maschinen der Gr\u00f6\u00dfen 420 bis 700 nach dem Durchmesser des Schneidkopfes benannt, andere nicht.<\/p>    <h3 class=\"wp-block-heading\" id=\"h-the-price-of-wood-shredders\">Der Preis von Holzzerkleinerern<\/h3>    <p>Der Preis einer Holzzerkleinerungsmaschine h\u00e4ngt von der Maschinenkomponente ab. Beispielsweise ben\u00f6tigt die gr\u00f6\u00dfere Maschine mehr Klingen, daher ist der Preis etwas h\u00f6her als bei der kleinen Maschine. Wenn Sie weitere Einzelheiten zum Preis erfahren m\u00f6chten, k\u00f6nnen Sie uns kontaktieren.<\/p>    <h2 class=\"wp-block-heading\" id=\"h-attention-points-of-wood-crushers\">Aufmerksamkeitspunkte von Holzbrechern<\/h2>    <p>Hier sind einige wichtige Betriebstipps, die Sie kennen m\u00fcssen.<\/p>    <h3 class=\"wp-block-heading\" id=\"h-how-to-test-the-machine-if-it-works-well-after-installation\"><strong>Wie teste ich die Maschine, ob sie nach der Installation gut funktioniert?<\/strong><\/h3>    <p>1. Schalten Sie den Strom ein und pr\u00fcfen Sie, ob die Lenkung korrekt ist.<\/p>    <p>2. Wenn Sie das Messer installieren und wechseln, ziehen Sie die Messerschneide 2\u20134 mm \u00fcber die Ebene der Messerplatte hinaus und ziehen Sie dann die Schraube fest.\u00a0Wenn sich herausstellt, dass die Gewindeschnalle des Druckbolzens abgenutzt ist, sollte sie sofort ausgetauscht werden, um ein Abrutschen der Messerscheibenmutter zu verhindern.<\/p>    <p>3. \u00c4ndern Sie den Dehnungsgrad des Messers. Die Dehnungsmesserl\u00e4nge muss gleich sein.<\/p>    <p>4. Je nach L\u00e4nge des Messers k\u00f6nnen die Partikel nicht die ideale Gr\u00f6\u00dfe erreichen, die unterschiedlichen Porengr\u00f6\u00dfen des Rottweilers ver\u00e4ndern sich.<\/p>    <p>5. Es ist strengstens verboten, Holz mit Steinen und N\u00e4geln in die Maschine zu legen, um eine Besch\u00e4digung des Messers und des Innenteils zu vermeiden.<\/p>    <p>6. Achten Sie darauf, den Hammerbolzen zu \u00fcberpr\u00fcfen. Er findet sich locker und zieht ihn sofort fest. Hammer und Bolzen sind stark abgenutzt und sollten ersetzt werden.<\/p>    <p>7. Der Sch\u00e4rfwinkel betr\u00e4gt 28\u201330 \u00b0. Es ist strengstens verboten, konvexe Oberfl\u00e4chen zu schleifen, da die konvexe Oberfl\u00e4che dazu f\u00fchren kann, dass die Stahlklinge abbricht oder sich der Stahl teilweise abl\u00f6st.<\/p>    <p>8. H\u00e4ufig verwendete Maschinen sollten auf Mangel an Lagerbutter \u00fcberpr\u00fcft werden.\u00a0Butter sollte 3-4 Stunden nachgef\u00fcllt werden, nicht zu viel.<\/p>    <h3 class=\"wp-block-heading\" id=\"h-maintenance-of-wood-crusher-machine\"><strong>Wartung der Holzzerkleinerungsmaschine<\/strong><\/h3>    <p>1. Das Lager sollte rechtzeitig mit Butter gef\u00fcllt werden. F\u00fcr einen kontinuierlichen Betrieb sollte das Lager alle 3-4 Stunden mit Butter gef\u00fcllt werden.<\/p>    <p>2. Nach l\u00e4ngerem Gebrauch des Dreiecksg\u00fcrtels sollte die Straffheit erneut angepasst werden. Es empfiehlt sich, sie um 6\u201310 mm zu verringern.<\/p>    <p>3. Reinigen Sie die Maschine jeden Tag nach der Arbeit, pr\u00fcfen Sie, ob Risse oder andere Probleme vorliegen, und reparieren Sie die Maschine rechtzeitig.<\/p>    <h3 class=\"wp-block-heading\" id=\"h-common-problems-solutions\">H\u00e4ufige Probleme und L\u00f6sungen:<\/h3>    <p>1. Das S\u00e4geblatt ist nicht richtig eingestellt. Schneiden Sie die S\u00e4gemehlpartikel aus. Die Reparatur des S\u00e4geblatts ist schwierig. Der S\u00e4geblattverschlei\u00df ist nicht scharf.<\/p>    <p>2. Der Abstand des feststehenden Messers ist zu klein oder zu gro\u00df. Reparieren und sch\u00e4rfen Sie die Klinge.<\/p>    <p>3. Stellen Sie den Abstand des festen Messers auf 2\u20133 mm ein.<\/p>    <p>4. Der Blattwinkel darf nicht gr\u00f6\u00dfer als 30\u00b0 sein. Last\u00fcberlastung, Zufuhr zu schnell und ungleichm\u00e4\u00dfig.<\/p>    <p>5. Das Messer ist nicht scharf. Verringern Sie die Vorschubgeschwindigkeit.<\/p>    <p>6. Polierte Klingenlagerheizung.<\/p>    <p>7. Keine Butter im Lagersitz.<\/p>    <p>8. Der Lagersitz ist nicht flach eingebaut.<\/p>    <p>9. Lagerschaden | Der Riemen ist zu stramm und schmiert sich mit Butter ab.<\/p>    <p>10. Ausrichtungsbalance des Lagerbocks.<\/p>    <p>11. Neue Lager | Passen Sie die Riemenspannung an.<\/p>","protected":false},"excerpt":{"rendered":"<p>Wood crusher machine also called branch shredder machine, sawdust wood crusher machine and wood cutting crusher machine. By wood crush machine, you can cut lots of hard and soft raw materials like branches, logs, plywood, thatch, corn stalk and so on. Then you get the final products which can be used in making charcoal, re-process [&hellip;]<\/p>\n","protected":false},"author":1,"featured_media":0,"parent":0,"menu_order":0,"comment_status":"open","ping_status":"closed","template":"","meta":{"_kad_blocks_custom_css":"","_kad_blocks_head_custom_js":"","_kad_blocks_body_custom_js":"","_kad_blocks_footer_custom_js":"","footnotes":""},"class_list":["post-200","page","type-page","status-publish","hentry"],"taxonomy_info":[],"featured_image_src_large":false,"author_info":{"display_name":"HN-WOOD","author_link":"https:\/\/hnwoodmachine.com\/de\/author\/woodmachine\/"},"comment_info":0,"_links":{"self":[{"href":"https:\/\/hnwoodmachine.com\/de\/wp-json\/wp\/v2\/pages\/200","targetHints":{"allow":["GET"]}}],"collection":[{"href":"https:\/\/hnwoodmachine.com\/de\/wp-json\/wp\/v2\/pages"}],"about":[{"href":"https:\/\/hnwoodmachine.com\/de\/wp-json\/wp\/v2\/types\/page"}],"author":[{"embeddable":true,"href":"https:\/\/hnwoodmachine.com\/de\/wp-json\/wp\/v2\/users\/1"}],"replies":[{"embeddable":true,"href":"https:\/\/hnwoodmachine.com\/de\/wp-json\/wp\/v2\/comments?post=200"}],"version-history":[{"count":0,"href":"https:\/\/hnwoodmachine.com\/de\/wp-json\/wp\/v2\/pages\/200\/revisions"}],"wp:attachment":[{"href":"https:\/\/hnwoodmachine.com\/de\/wp-json\/wp\/v2\/media?parent=200"}],"curies":[{"name":"wp","href":"https:\/\/api.w.org\/{rel}","templated":true}]}}